{"id":92,"date":"2013-08-03T22:21:44","date_gmt":"2013-08-03T22:21:44","guid":{"rendered":"http:\/\/www.eurogano.ro\/?page_id=92"},"modified":"2013-10-31T02:09:50","modified_gmt":"2013-10-31T02:09:50","slug":"biserici-cu-impact","status":"publish","type":"page","link":"https:\/\/www.alege-viata.ro\/pagini\/biserici-cu-impact","title":{"rendered":"Biserici cu Impact"},"content":{"rendered":"<p><img loading=\"lazy\" decoding=\"async\" class=\"size-medium wp-image-256 alignleft\" alt=\"biserici\" src=\"https:\/\/www.alege-viata.ro\/pagini\/wp-content\/uploads\/2013\/08\/biserici1-300x225.jpg\" width=\"300\" height=\"225\" srcset=\"https:\/\/www.alege-viata.ro\/pagini\/wp-content\/uploads\/2013\/08\/biserici1-300x225.jpg 300w, https:\/\/www.alege-viata.ro\/pagini\/wp-content\/uploads\/2013\/08\/biserici1-1024x768.jpg 1024w\" sizes=\"auto, (max-width: 300px) 100vw, 300px\" \/> Nimic nu este mai \u00een\u0103l\u0163\u0103tor \u015fi mai motivant dec\u00e2t s\u0103 vedem rezultatele cu care a binecuv\u00e2ntat Dumnezeu lucrarea<strong> Biserici cu Impact<\/strong>, derulat\u0103 \u00een parteneriat cu bisericile, comunit\u0103\u0163ile \u015fi cultele evanghelice din \u0163ara noastr\u0103.<\/p>\n<h2>Scopul nostru<\/h2>\n<p>S\u0103 conlucr\u0103m \u00een Trupul lui Hristos, pentru a ajuta la \u00eemplinirea Marii Misiuni prin promovarea m\u0103rturiei cre\u0219tine \u0219i multiplicarea de biserici \u0219i grupuri de misiune, astfel \u00eenc\u00e2t fiecare s\u0103 cunoasc\u0103 pe cineva care \u00cel urmeaz\u0103 cu adev\u0103rat pe Isus.<\/p>\n<p>1. S\u0103 oferim <strong><em><span style=\"text-decoration: underline;\">fiec\u0103rei persoane<\/span><\/em><\/strong> din Rom\u00e2nia multiple ocazii de a auzi Evanghelia \u00een limba matern\u0103 \u0219i de a r\u0103spunde la ea, la timpul \u0219i \u00een locul cel mai potrivit.<\/p>\n<p>2. S\u0103 le oferim <strong><em><span style=\"text-decoration: underline;\">tuturor celor ce r\u0103spund<\/span><\/em><\/strong> la Evanghelie, chiar \u00een zona lor, o ocazie imediat\u0103 de consolidare, de ucenicie \u0219i de participare \u00eentr-o biseric\u0103 local\u0103.<\/p>\n<p>3. S\u0103 oferim<strong><em><span style=\"text-decoration: underline;\"> fiec\u0103rui cre\u0219tin<\/span><\/em><\/strong> din zona respectiv\u0103 ocazii de a fi instruit, de a participa ca voluntar la evanghelizarea zonei \u0219i de a face ucenici.<\/p>\n<h2>Obiective \u015fi scop p\u00e2n\u0103 \u00een anul 2020<\/h2>\n<p>Obiectivele noastre pe termen lung graviteaz\u0103 \u00een jurul convingerii c\u0103 rom\u00e2nii trebuie s\u0103 aud\u0103 Evanghelia c\u00e2t mai rapid \u015fi prin diferite metode \u015fi s\u0103 aib\u0103 ocazia consolid\u0103rii credin\u0163ei, prin oameni dedica\u0163i acestei slujiri, care n-o consider\u0103 doar o ocupa\u0163ie misionar\u0103, ci un mod de via\u0163\u0103. Ne propunem ca, p\u00e2n\u0103 \u00een anul 2020, fiecare om din Rom\u00e2nia s\u0103 fi cunoscut un cre\u015ftin care \u00cel urmeaz\u0103 cu adev\u0103rat pe Domnul Isus Hristos \u015fi care ia ini\u0163iativa de a prezenta Evanghelia.<\/p>\n<p>\u00cen acest scop, vom ajuta la formarea de mi\u015fc\u0103ri spirituale \u015fi vom c\u0103uta s\u0103 \u00eendemn\u0103m cre\u015ftinii la dou\u0103 lucruri:<\/p>\n<p>1. S\u0103-L urmeze cu adev\u0103rat pe Domnul Isus Hristos<br \/>\n2. S\u0103-L m\u0103rturiseasc\u0103 pe Domnul Isus Hristos<\/p>\n<p>\u00cen parteneriat cu Trupul lui Hristos din Rom\u00e2nia, ajut\u0103m la formarea de mi\u015fc\u0103ri spirituale alc\u0103tuite din biserici\/comunit\u0103\u0163i \u015fi\/sau grupuri-celul\u0103 care s\u0103 ajung\u0103:<br \/>\n\u25cf s\u0103 fie fundamentate biblic<br \/>\n\u25cf s\u0103 practice misiunea<br \/>\n\u25cf s\u0103 se multiplice<br \/>\n\u25cf s\u0103 func\u0163ioneze durabil<\/p>\n<p>Ne rug\u0103m ca, p\u00e2n\u0103 \u00een anul 2020, Domnul Seceri\u015fului s\u0103 ridice \u00een \u0163ara noastr\u0103 5.000 de grupe de misiune intern\u0103, formate din minimum 3-5 persoane care s\u0103 sus\u0163in\u0103 Marea Trimitere prin rug\u0103ciune, post \u015fi evanghelizarea cartierului, a ora\u015fului, a satului sau comunei lor.<\/p>\n<p>Ne rug\u0103m ca cel pu\u0163in 15-20% din cei aproximativ 500.000 de credincio\u015fi s\u0103 fie implica\u0163i activ \u00een ini\u0163ierea \u015fi dezvoltarea de mi\u015fc\u0103ri spirituale \u015fi de misiune intern\u0103.<\/p>\n<p>Vrem s\u0103 preg\u0103tim ucenici care s\u0103 se multiplice, astfel \u00eenc\u00e2t fiecare credincios s\u0103 \u015ftie urm\u0103toarele lucruri \u015fi s\u0103 fie \u00een stare s\u0103 le \u00eendeplineasc\u0103:<\/p>\n<p>1. S\u0103 ini\u0163ieze \u015fi s\u0103 dezvolte o mi\u015fcare local\u0103 de rug\u0103ciune (eventual \u015fi de post) pentru evanghelizarea \u015fi transformarea comunit\u0103\u0163ii<br \/>\n2. S\u0103 prezinte Evanghelia de la om la om, astfel \u00eenc\u00e2t fiecare s\u0103 cunoasc\u0103 pe cineva care \u00cel urmeaz\u0103 pe Hristos \u015fi-L m\u0103rturise\u015fte cu adev\u0103rat<br \/>\n3. S\u0103 ofere noilor credincio\u015fi \u00eenv\u0103\u0163\u0103tura biblic\u0103 de baz\u0103 privind maturizarea \u00een credin\u0163\u0103<br \/>\n4. S\u0103-\u015fi \u00eensu\u015feasc\u0103 prin credin\u0163\u0103 umplerea cu Duhul Sf\u00e2nt \u015fi s\u0103 ajute al\u0163i cre\u015ftini s-o tr\u0103iasc\u0103 prin credin\u0163\u0103<br \/>\n5. S\u0103-\u015fi \u00eentocmeasc\u0103 m\u0103rturia personal\u0103 \u015fi s-o prezinte<br \/>\n6. S\u0103 organizeze evangheliz\u0103ri \u00een familie sau \u00een locuri publice sau s\u0103 participe la evangheliz\u0103ri \u00eempreun\u0103 cu biserica local\u0103<br \/>\n7. S\u0103 preg\u0103teasc\u0103 cel pu\u0163in 1-2 ucenici noi \u00een fiecare an, astfel \u00eenc\u00e2t s\u0103 fie o echip\u0103 de misiune format\u0103 din 2-3 lucr\u0103tori \u00een fiecare sat sau comun\u0103, iar \u00een mediul urban, o echip\u0103 de misiune la fiecare 1.000 de locuitori<\/p>\n<p>Dac\u0103 dori\u0163i s\u0103 pariticipa\u0163i la activit\u0103\u0163ile noastre sau dac\u0103 dori\u0163i s\u0103 v\u0103 al\u0103tura\u0163i ca voluntar, v\u0103 rug\u0103m <a href=\"https:\/\/www.alege-viata.ro\/pagini\/implica-te\">completa\u021bi formularul urm\u0103tor.<\/a><br \/>\nDac\u0103 dori\u0163i s\u0103 sus\u0163ine\u0163i financiar, aceast\u0103 lucrare, <a href=\"https:\/\/www.alege-viata.ro\/pagini\/sustine-o-lucrare\">click aici.<\/a><\/p>\n","protected":false},"excerpt":{"rendered":"<p>Nimic nu este mai \u00een\u0103l\u0163\u0103tor \u015fi mai motivant dec\u00e2t s\u0103 vedem rezultatele cu care a binecuv\u00e2ntat Dumnezeu lucrarea Biserici cu Impact, derulat\u0103 \u00een parteneriat cu bisericile, comunit\u0103\u0163ile \u015fi cultele evanghelice din \u0163ara noastr\u0103. Scopul nostru S\u0103 conlucr\u0103m \u00een Trupul lui Hristos, pentru a ajuta la \u00eemplinirea Marii Misiuni prin promovarea m\u0103rturiei cre\u0219tine \u0219i multiplicarea de biserici \u0219i grupuri de misiune, astfel \u00eenc\u00e2t fiecare s\u0103 cunoasc\u0103 pe cineva care \u00cel urmeaz\u0103&hellip;<\/p>\n","protected":false},"author":1,"featured_media":0,"parent":0,"menu_order":0,"comment_status":"closed","ping_status":"closed","template":"","meta":{"footnotes":""},"class_list":["post-92","page","type-page","status-publish","hentry"],"_links":{"self":[{"href":"https:\/\/www.alege-viata.ro\/pagini\/wp-json\/wp\/v2\/pages\/92","targetHints":{"allow":["GET"]}}],"collection":[{"href":"https:\/\/www.alege-viata.ro\/pagini\/wp-json\/wp\/v2\/pages"}],"about":[{"href":"https:\/\/www.alege-viata.ro\/pagini\/wp-json\/wp\/v2\/types\/page"}],"author":[{"embeddable":true,"href":"https:\/\/www.alege-viata.ro\/pagini\/wp-json\/wp\/v2\/users\/1"}],"replies":[{"embeddable":true,"href":"https:\/\/www.alege-viata.ro\/pagini\/wp-json\/wp\/v2\/comments?post=92"}],"version-history":[{"count":1,"href":"https:\/\/www.alege-viata.ro\/pagini\/wp-json\/wp\/v2\/pages\/92\/revisions"}],"predecessor-version":[{"id":463,"href":"https:\/\/www.alege-viata.ro\/pagini\/wp-json\/wp\/v2\/pages\/92\/revisions\/463"}],"wp:attachment":[{"href":"https:\/\/www.alege-viata.ro\/pagini\/wp-json\/wp\/v2\/media?parent=92"}],"curies":[{"name":"wp","href":"https:\/\/api.w.org\/{rel}","templated":true}]}}