{"id":81,"date":"2013-08-03T20:52:48","date_gmt":"2013-08-03T20:52:48","guid":{"rendered":"http:\/\/www.eurogano.ro\/?page_id=81"},"modified":"2013-10-31T02:08:47","modified_gmt":"2013-10-31T02:08:47","slug":"lucrarea-printre-studenti","status":"publish","type":"page","link":"https:\/\/www.alege-viata.ro\/pagini\/lucrarea-printre-studenti","title":{"rendered":"Lucrarea printre studenti"},"content":{"rendered":"<p><img loading=\"lazy\" decoding=\"async\" class=\"size-medium wp-image-258 alignleft\" alt=\"studenti\" src=\"https:\/\/www.alege-viata.ro\/pagini\/wp-content\/uploads\/2013\/08\/studenti-300x199.jpg\" width=\"300\" height=\"199\" srcset=\"https:\/\/www.alege-viata.ro\/pagini\/wp-content\/uploads\/2013\/08\/studenti-300x199.jpg 300w, https:\/\/www.alege-viata.ro\/pagini\/wp-content\/uploads\/2013\/08\/studenti-1024x682.jpg 1024w, https:\/\/www.alege-viata.ro\/pagini\/wp-content\/uploads\/2013\/08\/studenti.jpg 2048w\" sizes=\"auto, (max-width: 300px) 100vw, 300px\" \/>\u201cC\u00e2\u015ftig\u0103 azi studen\u0163ii ca m\u00e2ine s\u0103 c\u00e2\u015ftigi lumea\u201d \u2013 sub aceasta deviz\u0103 a \u00eenceput lucrarea de evanghelizare \u015fi ucenicizare printre studen\u0163i. Studen\u0163ii sunt cei care m\u00e2ine vor conduce societatea, vor fi viitorii medici, profesori, politicieni. Ei vor influen\u0163a societatea.<br \/>\nDe aceea, noi credem c\u0103 Dumnezeu ne cheam\u0103 s\u0103 fim cei care azi \u00eei c\u00e2\u015ftig\u0103 cu Evanghelia pe studen\u0163i pentru ca m\u00e2ine s\u0103 aduc\u0103 o schimbare  \u00een societate.<\/p>\n<p><strong>Strategia este simpl\u0103:<\/strong><\/p>\n<h2>Roag\u0103-te:<\/h2>\n<p>Rug\u0103ciunea personal\u0103, \u00eent\u00e2lnirile s\u0103pt\u0103m\u00e2nale de rug\u0103ciune sau conferin\u0163ele de post \u015fi rug\u0103ciune sunt momentelele \u00een care ne \u00eendrept\u0103m inimile spre Dumnezeu, afirm\u00e2nd c\u0103 lucrarea \u015fi roadele vin prin El, de la El si sunt pentru El.<\/p>\n<h2>C\u00e2\u015ftig\u0103:<\/h2>\n<p>\u201eDuce\u0163i-v\u0103 \u00een toat\u0103 lumea \u015fi propov\u0103dui\u0163i Evanghelia la orice f\u0103ptur\u0103.\u201d \u2013 Marcu 16:15<br \/>\nFiecare voluntar \u015fi student este \u00eencurajat \u015fi antrenat s\u0103 \u00eemp\u0103rt\u0103\u015feasc\u0103 Evanghelia \u00eentr-un mod simplu \u015fi u\u015for de \u00een\u0163eles cu colegii \u015fi prietenii s\u0103i.<\/p>\n<h2>Zide\u015fte:<\/h2>\n<p>\u201c \u015ei, ce-ai auzit de la mine \u00een fa\u0163a multor martori, \u00eencredin\u0163eaz\u0103 la oameni de \u00eencredere, care s\u0103 fie \u00een stare s\u0103 \u00eenve\u0163e \u015fi pe al\u0163ii.\u201d \u2013 2 Timotei 2:2<br \/>\nStudiul biblic, citirea Scripturii, \u00eent\u00e2lnirile de rug\u0103ciune sau conferin\u0163ele de antrenare sunt moduri prin care studen\u0163ii cresc \u015fi sunt zidi\u0163i \u00een rela\u0163ia lor cu Dumnezeu<\/p>\n<h2>Trimite:<\/h2>\n<p>\u201eIsus S-a apropiat de ei, a vorbit cu ei \u015fi le-a zis: &#8222;Toat\u0103 puterea Mi-a fost dat\u0103 \u00een cer \u015fi pe p\u0103m\u00e2nt.  Duce\u0163i-v\u0103 \u015fi face\u0163i ucenici din toate neamurile, botez\u00e2ndu-i \u00een Numele Tat\u0103lui \u015fi al Fiului \u015fi al Sf\u00e2ntului Duh.  \u015ei \u00eenv\u0103\u0163a\u0163i-i s\u0103 p\u0103zeasc\u0103 tot ce v-am poruncit. \u015ei iat\u0103 c\u0103 Eu sunt cu voi \u00een toate zilele, p\u00e2n\u0103 la sf\u00e2r\u015fitul veacului.&#8221; Amin.\u201d \u2013 Matei 28:18-20<\/p>\n<p>Studen\u0163ii credincio\u015fi maturi  se pot al\u0103tura proiectelor de Evanghelizare nu doar din \u0163ar\u0103, ci \u015fi \u00een afara ei.<\/p>\n<p>Dac\u0103 sunte\u0163i student sau viitor student, v\u0103 invit\u0103m s\u0103 v\u0103 al\u0103tura\u0163i ca voluntar sau s\u0103 primi\u0163i mai multe informa\u0163ii, <a href=\"https:\/\/www.alege-viata.ro\/pagini\/implica-te\">complet\u00e2nd formularul urm\u0103tor.<\/a><br \/>\nDac\u0103 dori\u0163i s\u0103 sus\u0163ine\u0163i financiar, aceast\u0103 lucrare, <a href=\"https:\/\/www.alege-viata.ro\/pagini\/sustine-o-lucrare\">click aici.<\/a><\/p>\n","protected":false},"excerpt":{"rendered":"<p>\u201cC\u00e2\u015ftig\u0103 azi studen\u0163ii ca m\u00e2ine s\u0103 c\u00e2\u015ftigi lumea\u201d \u2013 sub aceasta deviz\u0103 a \u00eenceput lucrarea de evanghelizare \u015fi ucenicizare printre studen\u0163i. Studen\u0163ii sunt cei care m\u00e2ine vor conduce societatea, vor fi viitorii medici, profesori, politicieni. Ei vor influen\u0163a societatea. De aceea, noi credem c\u0103 Dumnezeu ne cheam\u0103 s\u0103 fim cei care azi \u00eei c\u00e2\u015ftig\u0103 cu Evanghelia pe studen\u0163i pentru ca m\u00e2ine s\u0103 aduc\u0103 o schimbare \u00een societate. Strategia este simpl\u0103:&hellip;<\/p>\n","protected":false},"author":1,"featured_media":0,"parent":0,"menu_order":0,"comment_status":"closed","ping_status":"closed","template":"","meta":{"footnotes":""},"class_list":["post-81","page","type-page","status-publish","hentry"],"_links":{"self":[{"href":"https:\/\/www.alege-viata.ro\/pagini\/wp-json\/wp\/v2\/pages\/81","targetHints":{"allow":["GET"]}}],"collection":[{"href":"https:\/\/www.alege-viata.ro\/pagini\/wp-json\/wp\/v2\/pages"}],"about":[{"href":"https:\/\/www.alege-viata.ro\/pagini\/wp-json\/wp\/v2\/types\/page"}],"author":[{"embeddable":true,"href":"https:\/\/www.alege-viata.ro\/pagini\/wp-json\/wp\/v2\/users\/1"}],"replies":[{"embeddable":true,"href":"https:\/\/www.alege-viata.ro\/pagini\/wp-json\/wp\/v2\/comments?post=81"}],"version-history":[{"count":1,"href":"https:\/\/www.alege-viata.ro\/pagini\/wp-json\/wp\/v2\/pages\/81\/revisions"}],"predecessor-version":[{"id":460,"href":"https:\/\/www.alege-viata.ro\/pagini\/wp-json\/wp\/v2\/pages\/81\/revisions\/460"}],"wp:attachment":[{"href":"https:\/\/www.alege-viata.ro\/pagini\/wp-json\/wp\/v2\/media?parent=81"}],"curies":[{"name":"wp","href":"https:\/\/api.w.org\/{rel}","templated":true}]}}