{"id":699,"date":"2018-09-04T08:07:49","date_gmt":"2018-09-04T08:07:49","guid":{"rendered":"http:\/\/www.alege-viata.ro\/pagini\/?page_id=699"},"modified":"2018-09-04T08:07:49","modified_gmt":"2018-09-04T08:07:49","slug":"acord-de-confidentialitate","status":"publish","type":"page","link":"https:\/\/www.alege-viata.ro\/pagini\/acord-de-confidentialitate","title":{"rendered":"Acord de confiden\u021bialitate"},"content":{"rendered":"<p>Acord pentru folosirea datelor personale<\/p>\n<p>Aceast\u0103 politic\u0103 de confiden\u021bialitate explic\u0103 c\u00e2nd \u0219i de ce colect\u0103m informa\u021bii personale despre persoanele care acceseaz\u0103 proculture.ro, cum le folosim, cum le p\u0103str\u0103m \u00een siguran\u021b\u0103 \u0219i \u00een ce condi\u021bii le putem \u00eemp\u0103rt\u0103\u0219i cu alte companii ter\u021be.<\/p>\n<p>Pentru a putea folosi sistemul curent \u0219i platforma noastr\u0103 este nevoie s\u0103 ne dai acordul pentru prelucrarea c\u00e2torva date personale.<\/p>\n<p>Responsabilitatea noastr\u0103 \u00een aceast\u0103 rela\u021bie implic\u0103 \u0219i modul \u00een care avem grij\u0103 de datele tale personale. Prin urmare, \u00eencep\u00e2nd cu data de 25 mai 2018, suntem deja alinia\u021bi la standardele europene \u00een vigoare privind prelucrarea datelor cu caracter personal \u0219i libera circula\u021bie a acestor date stipulate \u00een Regulamentul 2016\/679\/UE.<\/p>\n<p>Acum, este un moment potrivit s\u0103 \u00ee\u021bi explic\u0103m c\u00e2teva aspecte importante.<\/p>\n<p>Din c\u00e2nd \u00een c\u00e2nd aducem modific\u0103ri acestei pagini \u0219i \u00ee\u021bi recomand\u0103m s\u0103 revii asupra ei \u0219i s\u0103 hot\u0103r\u0103\u0219ti dac\u0103 e\u0219ti de acord cu schimb\u0103rile realizate.<\/p>\n<p>Utiliz\u00e2nd alege-viata.ro \u0219i accept\u00e2nd acest acord, \u00eenseamn\u0103 c\u0103 e\u0219ti de acord.<br \/>\nPentru orice \u00eentreb\u0103ri legate de acest document, ne po\u021bi contacta la contact@alege-viata.ro sau \u00een scris la Asociatia Alege Viata, str Aleea Lacul Morii nr 3, sector 6, Bucuresti, 060841.<\/p>\n<p>Cine suntem?<\/p>\n<p>Suntem o asociatie non profit, avem sediul social la adresa str Aleea Lacul Morii nr 3, sector 6, Bucuresti, 060841 \u0219i codul fiscal de identificare 4888424.<\/p>\n<p>Cum colect\u0103m informa\u021biile personale?<\/p>\n<p>Modul principal prin care colect\u0103m informa\u021bii personale de la vizitatori este atunci c\u00e2nd un vizitator al site-ului dore\u0219te s\u0103 \u00ee\u0219i creeze un cont.<br \/>\nNu prelucr\u0103m datele tale \u00een alte scopuri dec\u00e2t cele contractuale, implicate de rela\u021bia ta de utilizator al site-ului nostru.<\/p>\n<p>Ce fel de informa\u021bii colect\u0103m?<\/p>\n<p>Printre informa\u021biile personale pe care le colect\u0103m s-ar putea g\u0103si: nume, localitate, adresa de email, adresa ip, sexul, v\u00e2rsta, nivelul de studii. De fiecare dat\u0103 c\u00e2nd cerem o astfel de informa\u021bie, motivul pentru care facem acest lucru va fi explicat clar. Pentru a \u00eembun\u0103t\u0103\u021bi experien\u021ba utilizatorilor putem colecta \u0219i analiza comportamentul \u00een cadrul site-ului (pagini vizitate, durata vizite) dar aceste informa\u021bii sunt colectate \u00een mod anonim \u0219i nu pot face leg\u0103tura cu o persoan\u0103 anume.<\/p>\n<p>Prelucr\u0103m datele tale cu caracter personal, respectiv adresa de email, nume \u0219i num\u0103r de telefon, localitate doar pentru a putea r\u0103spunde solicit\u0103rii tale vizavi de proiectele Asociatiei Alege Viata<\/p>\n<p>Cum folosim informa\u021biile colectate?<\/p>\n<p>\u2022 personalizarea con\u021binutului servit<br \/>\n\u2022 pentru a r\u0103spunde solicit\u0103rilor tale<br \/>\n\u2022 pentru comunicare in scop de marketing, vizavi de proiectele organizate de Asocia\u021bia Alege Via\u021ba, daca ati solicitat sa fiti anuntat\/ notificat despre desafasurarea acestora<br \/>\nVom p\u0103stra aceste informa\u021bii at\u00e2ta timp c\u00e2t sunt necesare pentru \u00eendeplinirea scopului pentru care au fost colectate.<\/p>\n<p>Cine are acces la informa\u021biile colectate?<\/p>\n<p>Nu vom vinde sau \u00eenchiria informa\u021biile colectate c\u0103tre alte companii \u00een scopuri de marketing.<\/p>\n<p>Alegerea ta<\/p>\n<p>De fiecare dat\u0103 c\u00e2nd informa\u021biile colectate pot duce la o consecin\u021b\u0103 cu impact direct asupra ta (de exemplu primirea unui mail), va trebui s\u0103 bifezi explicit c\u0103 dore\u0219ti s\u0103 prime\u0219ti acest email. Deasemenea, dac\u0103 te r\u0103zg\u00e2nde\u0219ti \u0219i nu vrei s\u0103 mai fii parte a unei astfel de consecin\u021be, vei avea op\u021biunea tehnic\u0103 de retragere a acordului sau dac\u0103 nu, ne po\u021bi contacta la protectiadatelor@proculture.ro pentru a putea realiza acest lucru.<\/p>\n<p>Noul Regulament confer\u0103 mai multe drepturi persoanelor c\u0103rora li se prelucreaz\u0103 datele cu caracter personal. Mai jos, pe scurt, \u00ee\u021bi explic\u0103m drepturile tale:<\/p>\n<p>\u2022 Dreptul de acces \u00eenseamn\u0103 c\u0103 ai dreptul de a ob\u021bine o confirmare din partea noastr\u0103 c\u0103 prelucr\u0103m sau nu datele tale, iar dac\u0103 da, s\u0103 \u00ee\u021bi oferim acces la aceste date precum \u0219i informa\u021bii despre cum sunt prelucrate<br \/>\n\u2022 Dreptul la portabilitate se refer\u0103 la faptul c\u0103 po\u021bi primi datele personale \u00eentr-un format structurat, care poate fi citit automat \u0219i la dreptul c\u0103 acestea pot fi transmise direct altui operator<br \/>\n\u2022 Dreptul la opozi\u021bie vizeaz\u0103 dreptul de a te opune prelucr\u0103rii datelor personale<br \/>\n\u2022 Dreptul la rectificare se refer\u0103 la corectarea f\u0103r\u0103 \u00eent\u00e2rzieri nejustificate, a datelor personale inexacte<br \/>\n\u2022 Dreptul la \u0219tergere\/dreptul de a fi uitat \u00eenseamn\u0103 c\u0103 ai dreptul s\u0103 \u00ee\u021bi \u0219tergem datele colectate f\u0103r\u0103 \u00eent\u00e2rzieri nejustificate, \u00een oricare din urm\u0103toarele situa\u021bii: nu mai sunt necesare pentru \u00eendeplinirea scopurilor pentru care au fost colectate, \u021bi-ai retras consim\u021b\u0103m\u00e2ntul \u0219i nu exist\u0103 alt temei juridic pentru prelucrare, te opui prelucr\u0103rii, datele trebuie \u0219terse pentru respectarea unei obliga\u021bii legale<\/p>\n<p>Cum poti avea acces la informa\u021biile colectate?<\/p>\n<p>Acurate\u021bea informa\u021biilor este foarte important\u0103 pentru noi \u0219i facem tot posibilul pentru a avea o metoda c\u00e2t mai u\u0219oar\u0103 de actualizare a acestora.<br \/>\nDac\u0103 crezi c\u0103 de\u021binem informa\u021bii personale care nu mai sunt de actualitate \u0219i nu exist\u0103 o modalitate tehnic\u0103 de a le actualiza chiar tu, ne po\u021bi scrie la protectiadatelor@proculture.ro pentru a rezolva acest lucru.<br \/>\nDeasemenea, ai dreptul legal de a cere o copie a tuturor informa\u021biilor personale pe care le de\u021binem despre tine. <\/p>\n<p>Securitatea informa\u021biilor colectate<\/p>\n<p>\u00cen orice pagin\u0103 cerem informa\u021bii personale, acea pagin\u0103 va folosi o sesiune encriptat\u0103 \u00een a\u0219a fel \u00eenc\u00e2t informa\u021bia s\u0103 nu poat\u0103 fi interceptata p\u00e2n\u0103 ajunge la noi. Pentru a verifica acest lucru, pagina respectiv\u0103 trebuie s\u0103 aiba un l\u0103c\u0103\u021bel verde \u00een bara de adrese. Dup\u0103 ce informa\u021bia ajunge la noi, facem tot posibilul ca aceasta s\u0103 fie p\u0103strat\u0103 \u00een siguran\u021b\u0103. Pentru accesul la unele informa\u021bii \u00ee\u021bi va fi cerut s\u0103 introduci o parol\u0103. Parola respectiv\u0103 va fi pastrata criptat\u0103 \u00een baza de date, \u00een a\u0219a fel \u00eenc\u00e2t cineva care ar putea intra \u00een posesia bazei de date, nu va putea afla con\u021binutul parolei respective. Responsabilitatea legat\u0103 de parole este \u00een exclusivitate a ta, nu o \u00eemp\u0103r\u021bi cu nimeni \u0219i nu o da nimanui care \u021bi-o cere, chiar dac\u0103 cererea vine din partea unui angajat al site-ului.<\/p>\n<p>Cookies<\/p>\n<p>Acest website folose\u0219te cookie-uri proprii \u0219i de la ter\u021bi pentru a furniza vizitatorilor o experien\u021b\u0103 mai bun\u0103 de navigare \u0219i servicii adaptate nevoilor \u0219i interesului fiec\u0103ruia. Aceste cookie-uri pot proveni de la urm\u0103torii: Google Analytics, Google Adwords, Youtube, Facebook, Twitter sau Linkedin.<\/p>\n<p>Cookie-urile joac\u0103 un rol important \u00een facilitarea accesului \u0219i livr\u0103rii multiplelor servicii de care utilizatorul se bucur\u0103 pe Internet, cum ar fi:<\/p>\n<p>Personalizarea anumitor set\u0103ri precum: limba \u00een care este vizualizat un site sau moneda \u00een care se exprim\u0103 anumite pre\u021buri.<\/p>\n<p>Cookie-urile ofer\u0103 de\u021bin\u0103torilor de site-uri un feedback valoros asupra modului cum sunt utilizate site-urile lor de c\u0103tre utilizatori, astfel \u00eenc\u00e2t s\u0103 le poat\u0103 face mai eficiente \u0219i mai u\u0219or accesibile.<\/p>\n<p>Permit aplica\u021biilor multimedia de pe alte site-uri s\u0103 fie incluse \u00eentr-un anumit site pentru a crea o experien\u021b\u0103 de navigare mai pl\u0103cut\u0103.<\/p>\n<p>\u00cembun\u0103t\u0103\u021besc eficien\u021ba publicit\u0103\u021bii online.<\/p>\n<p>Dezactivarea \u0219i refuzul de a primi cookie-uri pot face anumite site-uri impracticabile sau dificil de vizitat \u0219i folosit. De asemenea, refuzul de a accepta cookie-uri nu \u00eenseamna c\u0103 nu ve\u021bi mai primi\/vedea publicitate online. Este posibil\u0103 setarea din browser pentru ca aceste cookie-uri s\u0103 nu mai fie acceptate. Toate browserele moderne ofera posibilitatea de a schimba set\u0103rile cookie-urilor. Aceste set\u0103ri se g\u0103sesc de regula \u00een \u201eop\u021biuni\u201d sau \u00een meniul de \u201epreferin\u021be\u201d al browserului t\u0103u. Pentru a \u00een\u021belege aceste set\u0103ri, urm\u0103toarele linkuri pot fi folositoare, altfel pute\u021bi folosi op\u021biunea \u201eajutor\u201d a browserului pentru mai multe detalii.<br \/>\nPentru set\u0103rile cookie-urilor generate de ter\u021bi, pute\u021bi consulta \u0219i site-ul: http:\/\/www.youronlinechoices.com\/ro\/<\/p>\n<p>Contact \u0219i suport privind datele tale<\/p>\n<p>Toate aceste drepturi le po\u021bi exercita printr-o cerere scris\u0103, datat\u0103, semnat\u0103 \u0219i transmis\u0103 c\u0103tre Asocia\u021bia Alege Via\u021ba prin:<\/p>\n<p>\u2022 po\u0219t\u0103 la Asocia\u021bia Alege Via\u021ba, str Aleea Lacul Morii nr 3, Bucuresti, 060841<br \/>\n\u2022 e-mail la contact@alege-viata.ro<\/p>\n<p>Nu \u00een ultimul r\u00e2nd, ne angaj\u0103m s\u0103 aplic\u0103m toate m\u0103surile tehnice \u0219i organizatorice pentru asigurarea securit\u0103\u021bii datelor tale personale, protej\u0103rii lor \u00eempotriva distrugerii, modific\u0103rii, dezv\u0103luirii ori accesului neautorizat asupra lor.<\/p>\n<p>Asocia\u021bia Alege Via\u021ba r\u0103m\u00e2ne un partner responsabil \u0219i foarte atent \u00een ceea ce prive\u0219te datele partenerilor sai.<\/p>\n<p>\u00ce\u021bi mul\u021bumim pentru \u00eencredere,<\/p>\n<p>Asocia\u021bia Alege Via\u021ba<\/p>\n<p>Ultima actualizare: 24 mai 2018<\/p>\n","protected":false},"excerpt":{"rendered":"<p>Acord pentru folosirea datelor personale Aceast\u0103 politic\u0103 de confiden\u021bialitate explic\u0103 c\u00e2nd \u0219i de ce colect\u0103m informa\u021bii personale despre persoanele care acceseaz\u0103 proculture.ro, cum le folosim, cum le p\u0103str\u0103m \u00een siguran\u021b\u0103 \u0219i \u00een ce condi\u021bii le putem \u00eemp\u0103rt\u0103\u0219i cu alte companii ter\u021be. Pentru a putea folosi sistemul curent \u0219i platforma noastr\u0103 este nevoie s\u0103 ne dai acordul pentru prelucrarea c\u00e2torva date personale. Responsabilitatea noastr\u0103 \u00een aceast\u0103 rela\u021bie implic\u0103 \u0219i modul \u00een&hellip;<\/p>\n","protected":false},"author":1,"featured_media":0,"parent":0,"menu_order":0,"comment_status":"closed","ping_status":"closed","template":"","meta":{"footnotes":""},"class_list":["post-699","page","type-page","status-publish","hentry"],"_links":{"self":[{"href":"https:\/\/www.alege-viata.ro\/pagini\/wp-json\/wp\/v2\/pages\/699","targetHints":{"allow":["GET"]}}],"collection":[{"href":"https:\/\/www.alege-viata.ro\/pagini\/wp-json\/wp\/v2\/pages"}],"about":[{"href":"https:\/\/www.alege-viata.ro\/pagini\/wp-json\/wp\/v2\/types\/page"}],"author":[{"embeddable":true,"href":"https:\/\/www.alege-viata.ro\/pagini\/wp-json\/wp\/v2\/users\/1"}],"replies":[{"embeddable":true,"href":"https:\/\/www.alege-viata.ro\/pagini\/wp-json\/wp\/v2\/comments?post=699"}],"version-history":[{"count":1,"href":"https:\/\/www.alege-viata.ro\/pagini\/wp-json\/wp\/v2\/pages\/699\/revisions"}],"predecessor-version":[{"id":700,"href":"https:\/\/www.alege-viata.ro\/pagini\/wp-json\/wp\/v2\/pages\/699\/revisions\/700"}],"wp:attachment":[{"href":"https:\/\/www.alege-viata.ro\/pagini\/wp-json\/wp\/v2\/media?parent=699"}],"curies":[{"name":"wp","href":"https:\/\/api.w.org\/{rel}","templated":true}]}}