{"id":359,"date":"2013-07-24T19:14:11","date_gmt":"2013-07-24T19:14:11","guid":{"rendered":"http:\/\/www.eurogano.ro\/?page_id=6"},"modified":"2013-10-31T01:54:28","modified_gmt":"2013-10-31T01:54:28","slug":"sustine-un-lucrator","status":"publish","type":"page","link":"https:\/\/www.alege-viata.ro\/pagini\/sustine-un-lucrator","title":{"rendered":"Sus\u021bine un lucr\u0103tor"},"content":{"rendered":"<p><strong>Alege Via\u0163a<\/strong> este sus\u0163inut\u0103 financiar de credincio\u015fi ca dumneavoastr\u0103, care doresc s\u0103 d\u0103ruiasc\u0103 pentru\u00a0<img loading=\"lazy\" decoding=\"async\" class=\"size-medium wp-image-193 alignright\" alt=\"zideste\" src=\"https:\/\/www.alege-viata.ro\/pagini\/wp-content\/uploads\/2013\/08\/zideste-300x135.jpg\" width=\"300\" height=\"135\" srcset=\"https:\/\/www.alege-viata.ro\/pagini\/wp-content\/uploads\/2013\/08\/zideste-300x135.jpg 300w, https:\/\/www.alege-viata.ro\/pagini\/wp-content\/uploads\/2013\/08\/zideste.jpg 677w\" sizes=\"auto, (max-width: 300px) 100vw, 300px\" \/> lucrarea de evenghelizare \u015fi ucenicizare. Dona\u0163ia dumneavoastr\u0103 va ajuta la:<br \/>\n&#8211; C\u00e2\u015ftigarea altora pentru Hristos<br \/>\n&#8211; Cre\u015fterea lor \u00een credin\u0163\u0103<br \/>\n&#8211; Antrenarea lor pentru a spune mai departe Vestea Bun\u0103 a m\u00e2ntuirii<\/p>\n<p>Pute\u0163i face o dona\u0163ie on line chiar aici, aleg\u00e2nd din list\u0103 de mai jos misionarul pe care dori\u0163i s\u0103-l sus\u0163ine\u0163i:<\/p>\n","protected":false},"excerpt":{"rendered":"<p>Alege Via\u0163a este sus\u0163inut\u0103 financiar de credincio\u015fi ca dumneavoastr\u0103, care doresc s\u0103 d\u0103ruiasc\u0103 pentru\u00a0 lucrarea de evenghelizare \u015fi ucenicizare. Dona\u0163ia dumneavoastr\u0103 va ajuta la: &#8211; C\u00e2\u015ftigarea altora pentru Hristos &#8211; Cre\u015fterea lor \u00een credin\u0163\u0103 &#8211; Antrenarea lor pentru a spune mai departe Vestea Bun\u0103 a m\u00e2ntuirii Pute\u0163i face o dona\u0163ie on line chiar aici, aleg\u00e2nd din list\u0103 de mai jos misionarul pe care dori\u0163i s\u0103-l sus\u0163ine\u0163i:<\/p>\n","protected":false},"author":1,"featured_media":0,"parent":0,"menu_order":0,"comment_status":"closed","ping_status":"closed","template":"","meta":{"footnotes":""},"class_list":["post-359","page","type-page","status-publish","hentry"],"_links":{"self":[{"href":"https:\/\/www.alege-viata.ro\/pagini\/wp-json\/wp\/v2\/pages\/359","targetHints":{"allow":["GET"]}}],"collection":[{"href":"https:\/\/www.alege-viata.ro\/pagini\/wp-json\/wp\/v2\/pages"}],"about":[{"href":"https:\/\/www.alege-viata.ro\/pagini\/wp-json\/wp\/v2\/types\/page"}],"author":[{"embeddable":true,"href":"https:\/\/www.alege-viata.ro\/pagini\/wp-json\/wp\/v2\/users\/1"}],"replies":[{"embeddable":true,"href":"https:\/\/www.alege-viata.ro\/pagini\/wp-json\/wp\/v2\/comments?post=359"}],"version-history":[{"count":3,"href":"https:\/\/www.alege-viata.ro\/pagini\/wp-json\/wp\/v2\/pages\/359\/revisions"}],"predecessor-version":[{"id":451,"href":"https:\/\/www.alege-viata.ro\/pagini\/wp-json\/wp\/v2\/pages\/359\/revisions\/451"}],"wp:attachment":[{"href":"https:\/\/www.alege-viata.ro\/pagini\/wp-json\/wp\/v2\/media?parent=359"}],"curies":[{"name":"wp","href":"https:\/\/api.w.org\/{rel}","templated":true}]}}