{"id":357,"date":"2013-07-24T19:14:11","date_gmt":"2013-07-24T19:14:11","guid":{"rendered":"http:\/\/www.eurogano.ro\/?page_id=4"},"modified":"2019-05-25T14:24:11","modified_gmt":"2019-05-25T14:24:11","slug":"welcome-2","status":"publish","type":"page","link":"https:\/\/www.alege-viata.ro\/pagini\/","title":{"rendered":"Acasa"},"content":{"rendered":"<div class=\"grid-row linearise\">\n<div class=\"grid-item two-third \">\n<script type=\"text\/javascript\">var lsjQuery = jQuery;<\/script><script type=\"text\/javascript\" src=\"https:\/\/www.alege-viata.ro\/pagini\/wp-content\/plugins\/LayerSlider\/js\/layerslider.kreaturamedia.jquery.js?ver=4.5.5\"><\/script>\r\n<script type=\"text\/javascript\" src=\"https:\/\/www.alege-viata.ro\/pagini\/wp-content\/plugins\/LayerSlider\/js\/jquery-easing-1.3.js?ver=1.3.0\"><\/script>\r\n<script type=\"text\/javascript\" src=\"https:\/\/www.alege-viata.ro\/pagini\/wp-content\/plugins\/LayerSlider\/js\/jquerytransit.js?ver=0.9.9\"><\/script>\r\n<script type=\"text\/javascript\">\r\nlsjQuery(document).ready(function() {\n                if(typeof lsjQuery.fn.layerSlider == \"undefined\") { lsShowNotice('layerslider_1','jquery'); }\n                    else if(typeof lsjQuery.transit == \"undefined\" || typeof lsjQuery.transit.modifiedForLayerSlider == \"undefined\") { lsShowNotice('layerslider_1', 'transit'); }\n                        else {\n                            lsjQuery(\"#layerslider_1\").layerSlider({\n                                width : '90%',\n                                height : '270px',\n                                responsive : true,\n                                responsiveUnder : 629,\n                                sublayerContainer : 629,\n                                autoStart : true,\n                                pauseOnHover : true,\n                                firstLayer : 1,\n                                animateFirstLayer : false,\n                                randomSlideshow : false,\n                                twoWaySlideshow : true,\n                                loops : 0,\n                                forceLoopNum : true,\n                                autoPlayVideos : false,\n                                autoPauseSlideshow : 'auto',\n                                youtubePreview : 'maxresdefault.jpg',\n                                keybNav : true,\n                                touchNav : true,\n                                skin : 'metrolium',\n                                skinsPath : 'https:\/\/www.alege-viata.ro\/pagini\/wp-content\/plugins\/LayerSlider\/skins\/',\r\nglobalBGColor : 'transparent',\r\nnavPrevNext : false,\n                                navStartStop : true,\n                                navButtons : true,\n                                hoverPrevNext : true,\n                                hoverBottomNav : false,\n                                showBarTimer : false,\n                                showCircleTimer : true,\n                                thumbnailNavigation : 'hover',\n                                tnWidth : 100,\n                                tnHeight : 60,\n                                tnContainerWidth : '60%',\n                                tnActiveOpacity : 35,\n                                tnInactiveOpacity : 100,\n                                imgPreload : true,\n                        \t\tyourLogo : false,\n                                yourLogoStyle : 'left: 10px; top: 10px;',\n                                yourLogoLink : false,\n                                yourLogoTarget : '_self',\n                                cbInit : function(element) { },\n                                cbStart : function(data) { },\n                                cbStop : function(data) { },\n                                cbPause : function(data) { },\n                                cbAnimStart : function(data) { },\n                                cbAnimStop : function(data) { },\n                                cbPrev : function(data) { },\n                                cbNext : function(data) { }\n                            });\n                        }\n            });\n        <\/script><div id=\"layerslider_1\" class=\"ls-wp-container\" style=\"width: 90%; height: 270px; margin: 0px auto; \"><div class=\"ls-layer\"  style=\"slidedirection: right; slidedelay: 4000; durationin: 1500; durationout: 1500; easingin: easeInOutQuint; easingout: easeInOutQuint; delayin: 0; delayout: 0; timeshift: 0; transition2d: all; \"><img decoding=\"async\" src=\"https:\/\/www.alege-viata.ro\/pagini\/wp-content\/uploads\/2013\/07\/ruga.jpg\" class=\"ls-bg\" alt=\"Slide background\"><h1  class=\"ls-s-1\" style=\"position: absolute; top:92px; left: 0px; slidedirection : top; slideoutdirection : bottom; durationin : 1000; durationout : 1000; easingin : easeInOutQuint; easingout : easeInOutQuint; delayin : 500; delayout : 0; showuntil : 0; padding: 10px 15px; width: 50%; height: 100px; color: #ffffff; background: #e09d18;  white-space: nowrap;\"> C\u00e2\u0219tig\u0103 <\/h1><h3  class=\"ls-s-1\" style=\"position: absolute; top:165px; left: px; slidedirection : fade; slideoutdirection : fade; durationin : 1000; durationout : 1000; easingin : easeInOutQuint; easingout : easeInOutQuint; delayin : 500; delayout : 0; showuntil : 0; padding: 10px 15px; width: 50%; color: #ffffff; background: #e09d18; \"> Spune altora de Dumnezeu <\/h3><\/div><div class=\"ls-layer\"  style=\"slidedirection: right; slidedelay: 4000; durationin: 1500; durationout: 1500; easingin: easeInOutQuint; easingout: easeInOutQuint; delayin: 0; delayout: 0; timeshift: 0; transition2d: all; \"><img decoding=\"async\" src=\"https:\/\/www.alege-viata.ro\/pagini\/wp-content\/uploads\/2013\/08\/zideste.jpg\" class=\"ls-bg\" alt=\"Slide background\"><h1  class=\"ls-s-1\" style=\"position: absolute; top:92px; left: 0px; slidedirection : top; slideoutdirection : bottom; durationin : 1000; durationout : 1000; easingin : easeInOutQuint; easingout : easeInOutQuint; delayin : 500; delayout : 0; showuntil : 0; padding: 10px 15px; width: 240px; height: 100px; padding-top: 10px; padding-right: 0px; padding-bottom: 10px; padding-left: 10px; color: #ffffff; background: #77a024;  white-space: nowrap;\"> Zide\u0219te <\/h1><h3  class=\"ls-s-1\" style=\"position: absolute; top:172px; left: 2px; slidedirection : fade; slideoutdirection : fade; durationin : 1000; durationout : 1000; easingin : easeInOutQuint; easingout : easeInOutQuint; delayin : 500; delayout : 0; showuntil : 0; padding: 10px 15px; width: 200px; height: 100px; padding-top: 10px; padding-right: 0px; padding-bottom: 10px; padding-left: 10px; color: #ffffff;  white-space: nowrap;\"> investe\u0219te in liderii de m\u00e2ine <\/h3><\/div><div class=\"ls-layer\"  style=\"slidedirection: right; slidedelay: 4000; durationin: 1500; durationout: 1500; easingin: easeInOutQuint; easingout: easeInOutQuint; delayin: 0; delayout: 0; timeshift: 0; transition2d: all; \"><img decoding=\"async\" src=\"https:\/\/www.alege-viata.ro\/pagini\/wp-content\/uploads\/2013\/08\/trimite.jpg\" class=\"ls-bg\" alt=\"Slide background\"><h1  class=\"ls-s-1\" style=\"position: absolute; top:107px; left: 0px; slidedirection : top; slideoutdirection : bottom; durationin : 1000; durationout : 1000; easingin : easeInOutQuint; easingout : easeInOutQuint; delayin : 500; delayout : 0; showuntil : 0; padding: 10px 15px; width: 280px; height: 100px; padding-top: 10px; padding-right: 0px; padding-bottom: 10px; padding-left: 10px; color: #ffffff; background: #12bab4;  white-space: nowrap;\"> Trimite <\/h1><h3  class=\"ls-s-1\" style=\"position: absolute; top:165px; left: -2px; slidedirection : fade; slideoutdirection : fade; durationin : 1000; durationout : 1000; easingin : easeInOutQuint; easingout : easeInOutQuint; delayin : 500; delayout : 0; showuntil : 0; padding: 10px 15px; width: 200px; height: 100px; padding-top: 10px; padding-right: 0px; padding-bottom: 10px; padding-left: 10px; color: #ffffff;  white-space: nowrap;\"> misionari in toat\u0103 lumea <\/h3><\/div><\/div>\n<\/div>\n<div class=\"grid-item one-third \">\n<script type=\"text\/javascript\">var lsjQuery = jQuery;<\/script><script type=\"text\/javascript\" src=\"https:\/\/www.alege-viata.ro\/pagini\/wp-content\/plugins\/LayerSlider\/js\/layerslider.kreaturamedia.jquery.js?ver=4.5.5\"><\/script>\r\n<script type=\"text\/javascript\" src=\"https:\/\/www.alege-viata.ro\/pagini\/wp-content\/plugins\/LayerSlider\/js\/jquery-easing-1.3.js?ver=1.3.0\"><\/script>\r\n<script type=\"text\/javascript\" src=\"https:\/\/www.alege-viata.ro\/pagini\/wp-content\/plugins\/LayerSlider\/js\/jquerytransit.js?ver=0.9.9\"><\/script>\r\n<script type=\"text\/javascript\">\r\nlsjQuery(document).ready(function() {\n                if(typeof lsjQuery.fn.layerSlider == \"undefined\") { lsShowNotice('layerslider_5','jquery'); }\n                    else if(typeof lsjQuery.transit == \"undefined\" || typeof lsjQuery.transit.modifiedForLayerSlider == \"undefined\") { lsShowNotice('layerslider_5', 'transit'); }\n                        else {\n                            lsjQuery(\"#layerslider_5\").layerSlider({\n                                width : '100%',\n                                height : '280px',\n                                responsive : true,\n                                responsiveUnder : 629,\n                                sublayerContainer : 629,\n                                autoStart : true,\n                                pauseOnHover : true,\n                                firstLayer : 1,\n                                animateFirstLayer : false,\n                                randomSlideshow : false,\n                                twoWaySlideshow : true,\n                                loops : 0,\n                                forceLoopNum : true,\n                                autoPlayVideos : false,\n                                autoPauseSlideshow : 'auto',\n                                youtubePreview : 'maxresdefault.jpg',\n                                keybNav : true,\n                                touchNav : true,\n                                skin : 'metrolium',\n                                skinsPath : 'https:\/\/www.alege-viata.ro\/pagini\/wp-content\/plugins\/LayerSlider\/skins\/',\r\nglobalBGColor : '#12bab4',\r\nnavPrevNext : true,\n                                navStartStop : false,\n                                navButtons : false,\n                                hoverPrevNext : true,\n                                hoverBottomNav : false,\n                                showBarTimer : false,\n                                showCircleTimer : false,\n                                thumbnailNavigation : 'disabled',\n                                tnWidth : 100,\n                                tnHeight : 60,\n                                tnContainerWidth : '60%',\n                                tnActiveOpacity : 35,\n                                tnInactiveOpacity : 100,\n                                imgPreload : true,\n                        \t\tyourLogo : false,\n                                yourLogoStyle : 'left: 10px; top: 10px;',\n                                yourLogoLink : false,\n                                yourLogoTarget : '_self',\n                                cbInit : function(element) { },\n                                cbStart : function(data) { },\n                                cbStop : function(data) { },\n                                cbPause : function(data) { },\n                                cbAnimStart : function(data) { },\n                                cbAnimStop : function(data) { },\n                                cbPrev : function(data) { },\n                                cbNext : function(data) { }\n                            });\n                        }\n            });\n        <\/script><div id=\"layerslider_5\" class=\"ls-wp-container\" style=\"width: 100%; height: 280px; margin: 0px auto; \"><div class=\"ls-layer\"  style=\"slidedirection: right; slidedelay: 4000; durationin: 1500; durationout: 1500; easingin: easeInOutQuint; easingout: easeInOutQuint; delayin: 0; delayout: 0; timeshift: 0; transition2d: 11; \"><h4  class=\"ls-s0\" style=\"position: absolute; top:15px; left: 12px; slidedirection : fade; slideoutdirection : fade; durationin : 300; durationout : 0; easingin : linear; easingout : linear; delayin : ; delayout : 0; showuntil : 0;  width: 100%; height: 100%; padding-top: 10px; padding-right: 0px; padding-bottom: 10px; padding-left: 26px; color: #ffffff; background: #12bab4; \"> <b>Redirec\u021bionare impozit c\u0103tre \r\n<\/br>Alege Via\u021ba!<\/b><\/br><br> <\/h4><a href=\"https:\/\/www.alege-viata.ro\/pagini\/directioneaza-20-din-impozit-catre-alege-viata\" target=\"_blank\"   class=\"ls-s-1\"  style=\"position: absolute; top: 80px; left:20px; display: block;   durationin : 1000; durationout : 1000; easingin : easeInOutQuint; easingout : easeInOutQuint; delayin : 0; delayout : 0; showuntil : 0\"><img decoding=\"async\" src=\"https:\/\/www.alege-viata.ro\/pagini\/wp-content\/uploads\/2013\/08\/lideri.jpg\"  style=\"\"><\/a><a href=\"https:\/\/www.alege-viata.ro\/pagini\/directioneaza-20-din-impozitul-pe-profit\" target=\"_blank\"   class=\"ls-s-1\"  style=\"position: absolute; top: 160px; left:20px; display: block;   durationin : 1000; durationout : 1000; easingin : easeInOutQuint; easingout : easeInOutQuint; delayin : 0; delayout : 0; showuntil : 0\"><img decoding=\"async\" src=\"https:\/\/www.alege-viata.ro\/pagini\/wp-content\/uploads\/2013\/08\/familii.jpg\"  style=\"\"><\/a><a href=\"https:\/\/www.alege-viata.ro\/pagini\/directioneaza-20-din-impozit-catre-alege-viata\" target=\"_blank\"   class=\"ls-s-1\"  style=\"position: absolute; top: 90px; left:20px; display: block;   durationin : 1000; durationout : 1000; easingin : easeInOutQuint; easingout : easeInOutQuint; delayin : 0; delayout : 0; showuntil : 0\"><h4 class=\"\" style=\" padding-left: 80px;  white-space: nowrap;\"> Direc\u021bioneaz\u0103 3.5% <\/br> din impozit <\/h4><\/a><a href=\"https:\/\/www.alege-viata.ro\/pagini\/directioneaza-20-din-impozitul-pe-profit\" target=\"_blank\"   class=\"ls-s-1\"  style=\"position: absolute; top: 165px; left:20px; display: block;   durationin : 1000; durationout : 1000; easingin : easeInOutQuint; easingout : easeInOutQuint; delayin : 0; delayout : 0; showuntil : 0\"><h4 class=\"\" style=\" padding-left: 80px;  white-space: nowrap;\"> Direc\u021bioneaz\u0103 20% <\/br> din impozitul pe profit <\/h4><\/a><\/div><\/div><\/div>\n<\/div>\n<p><\/p>\n<div class=\"grid-row linearise\">\n<div class=\"grid-item one-third \">\n<h3>P\u00e2n\u0103 la marginile P\u0103m\u00e2ntului<\/h3>\n<p><iframe loading=\"lazy\" style=\"margin-top: 4px;\" src=\"https:\/\/www.youtube.com\/embed\/Xh3Txi3WiX8\" width=\"300\" height=\"211\" frameborder=\"0\" allowfullscreen=\"allowfullscreen\"><\/iframe>\n<\/div>\n<div class=\"grid-item two-third \">\n<h3>Viziunea noastr\u0103:<\/h3>\n<div class=\"grid-row linearise\">\n<div class=\"grid-item one-half \"> <a href=\"\/pagini\/despre-noi\/viziunea-noastra\"><img loading=\"lazy\" decoding=\"async\" class=\"alignnone size-medium wp-image-290\" src=\"https:\/\/www.alege-viata.ro\/pagini\/wp-content\/uploads\/2013\/07\/foto-viziune-300x211.jpg\" alt=\"foto-viziune\" width=\"300\" height=\"211\" srcset=\"https:\/\/www.alege-viata.ro\/pagini\/wp-content\/uploads\/2013\/07\/foto-viziune-300x211.jpg 300w, https:\/\/www.alege-viata.ro\/pagini\/wp-content\/uploads\/2013\/07\/foto-viziune.jpg 1008w\" sizes=\"auto, (max-width: 300px) 100vw, 300px\" \/><\/a> <\/div>\n<div class=\"grid-item one-half \">\n<strong>Alege Via\u0163a<\/strong> este o lucrare cre\u015ftin\u0103 dedicat\u0103 proclam\u0103rii mesajului Evangheliei astfel \u00eenc\u00e2t oamenii s\u0103 aud\u0103, s\u0103 \u00een\u0163eleag\u0103 \u015fi s\u0103 fie schimba\u0163i de mesajul \u015fi Persoana Domnului Isus Hristos.<\/p>\n<p>Viziunea noastr\u0103 este ca \u00eentr-o zi fiecare rom\u00e2n va cunoa\u015fte un adev\u0103rat ucenic al Lui Hristos.<\/p>\n<p><a href=\"\/pagini\/despre-noi\/viziunea-noastra\" target=\"_self\" class=\"button large\">Cite\u015fte mai mult<\/a>\n<\/div>\n<\/div>\n<\/div>\n<\/div>\n<div class=\"gap\" style=\"height:15px;\"><\/div>\n<\/div><\/div><\/div><div class=\"band padded alternative inset\" ><div class=\"inner\"><div class=\"typography\">\n<div class=\"grid-row linearise\">\n<div class=\"grid-item one-third \"><div class=\"shortcode post archive grid four-column\"><div class=\"grid-row linearise\"><div class=\"grid-item one-quarter\"><article class=\"unboxed\"><div class=\"image\"><a href=\"https:\/\/www.alege-viata.ro\/pagini\/blog\/mentorare-familii.html\"><div class=\"canvas has-image\" style=\"background-image:url('https:\/\/www.alege-viata.ro\/pagini\/wp-content\/uploads\/2016\/11\/dreamstime_s_21030608-500x281.jpg');\"><\/div><\/a><\/div><div class=\"content\"><h4 class=\"title\"><a href=\"https:\/\/www.alege-viata.ro\/pagini\/blog\/mentorare-familii.html\">MENTORARE FAMILII<\/a><\/h4><!-- <p class=\"datetime\">noiembrie 29, 2016<\/p> --><p>&#8222;Familii cu Impact&#8221;\u00a0v\u0103 ofer\u0103 posibilitatea de a beneficia de trei \u00eent\u00e2lniri de mentorare, at\u00e2t pentru \u00eembun\u0103t\u0103\u021birea rela\u021biei so\u021b-so\u021bie, c\u00e2t \u0219i&hellip;<\/p>\n<p><a href=\"https:\/\/www.alege-viata.ro\/pagini\/blog\/mentorare-familii.html\" class=\"button large\">Citeste mai mult...<\/a><\/p><\/div><\/article><\/div><\/div><\/div><\/div>\n<div class=\"grid-item one-third \"><div class=\"shortcode post archive grid four-column\"><div class=\"grid-row linearise\"><div class=\"grid-item one-quarter\"><article class=\"unboxed\"><div class=\"image\"><a href=\"https:\/\/www.alege-viata.ro\/pagini\/scrisori-de-rugaciune\/noutati-din-lucrare.html\"><div class=\"canvas has-image\" style=\"background-image:url('https:\/\/www.alege-viata.ro\/pagini\/wp-content\/uploads\/2013\/08\/studenti-500x281.jpg');\"><\/div><\/a><\/div><div class=\"content\"><h4 class=\"title\"><a href=\"https:\/\/www.alege-viata.ro\/pagini\/scrisori-de-rugaciune\/noutati-din-lucrare.html\">Nout\u0103\u0163i din lucrare<\/a><\/h4><!-- <p class=\"datetime\">august 3, 2013<\/p> --><p>Cite\u015fte ultimele nout\u0103\u0163i din lucrarea Alege Via\u0163a \u2013 &#8211; \u0219tiri, nout\u0103\u021bi, proiecte, motive de rug\u0103ciune &#8211; descarc\u0103 scrisoarea accesand acest&hellip;<\/p>\n<p><a href=\"https:\/\/www.alege-viata.ro\/pagini\/scrisori-de-rugaciune\/noutati-din-lucrare.html\" class=\"button large\">Citeste mai mult...<\/a><\/p><\/div><\/article><\/div><\/div><\/div><\/div>\n<div class=\"grid-item one-third \"><div class=\"shortcode post archive grid four-column\"><div class=\"grid-row linearise\"><div class=\"grid-item one-quarter\"><article class=\"unboxed\"><div class=\"image\"><a href=\"https:\/\/www.alege-viata.ro\/pagini\/email\/roaga-te-pentru-noi.html\"><div class=\"canvas has-image\" style=\"background-image:url('https:\/\/www.alege-viata.ro\/pagini\/wp-content\/uploads\/2013\/07\/ruga.jpg');\"><\/div><\/a><\/div><div class=\"content\"><h4 class=\"title\"><a href=\"https:\/\/www.alege-viata.ro\/pagini\/email\/roaga-te-pentru-noi.html\">Roag\u0103-te pentru noi<\/a><\/h4><!-- <p class=\"datetime\">septembrie 19, 2013<\/p> --><p>Afl\u0103 cum te po\u0163i ruga pentru noi, abon\u00e2ndu-te la scrisoarea de rug\u0103ciune. Completa\u021bi formularul de mai jos cu adresa dumneavoastr\u0103&hellip;<\/p>\n<p><a href=\"https:\/\/www.alege-viata.ro\/pagini\/email\/roaga-te-pentru-noi.html\" class=\"button large\">Citeste mai mult...<\/a><\/p><\/div><\/article><\/div><\/div><\/div><\/div>\n<\/div>\n","protected":false},"excerpt":{"rendered":"","protected":false},"author":1,"featured_media":0,"parent":0,"menu_order":0,"comment_status":"closed","ping_status":"closed","template":"","meta":{"footnotes":""},"class_list":["post-357","page","type-page","status-publish","hentry"],"_links":{"self":[{"href":"https:\/\/www.alege-viata.ro\/pagini\/wp-json\/wp\/v2\/pages\/357","targetHints":{"allow":["GET"]}}],"collection":[{"href":"https:\/\/www.alege-viata.ro\/pagini\/wp-json\/wp\/v2\/pages"}],"about":[{"href":"https:\/\/www.alege-viata.ro\/pagini\/wp-json\/wp\/v2\/types\/page"}],"author":[{"embeddable":true,"href":"https:\/\/www.alege-viata.ro\/pagini\/wp-json\/wp\/v2\/users\/1"}],"replies":[{"embeddable":true,"href":"https:\/\/www.alege-viata.ro\/pagini\/wp-json\/wp\/v2\/comments?post=357"}],"version-history":[{"count":8,"href":"https:\/\/www.alege-viata.ro\/pagini\/wp-json\/wp\/v2\/pages\/357\/revisions"}],"predecessor-version":[{"id":786,"href":"https:\/\/www.alege-viata.ro\/pagini\/wp-json\/wp\/v2\/pages\/357\/revisions\/786"}],"wp:attachment":[{"href":"https:\/\/www.alege-viata.ro\/pagini\/wp-json\/wp\/v2\/media?parent=357"}],"curies":[{"name":"wp","href":"https:\/\/api.w.org\/{rel}","templated":true}]}}