{"id":24,"date":"2013-07-24T19:51:03","date_gmt":"2013-07-24T19:51:03","guid":{"rendered":"http:\/\/www.eurogano.ro\/?page_id=24"},"modified":"2016-11-08T20:25:13","modified_gmt":"2016-11-08T20:25:13","slug":"familii-cu-impact","status":"publish","type":"page","link":"https:\/\/www.alege-viata.ro\/pagini\/familii-cu-impact","title":{"rendered":"Familii cu impact"},"content":{"rendered":"<p><img loading=\"lazy\" decoding=\"async\" class=\"size-medium wp-image-110 alignleft\" src=\"https:\/\/www.alege-viata.ro\/pagini\/wp-content\/uploads\/2013\/08\/familii_cu_impact-300x200.jpg\" alt=\"familii_cu_impact\" width=\"300\" height=\"200\" srcset=\"https:\/\/www.alege-viata.ro\/pagini\/wp-content\/uploads\/2013\/08\/familii_cu_impact-300x200.jpg 300w, https:\/\/www.alege-viata.ro\/pagini\/wp-content\/uploads\/2013\/08\/familii_cu_impact.jpg 960w\" sizes=\"auto, (max-width: 300px) 100vw, 300px\" \/><\/p>\n<p>Problema central\u0103 a na\u021biunii noastre nu este una economic\u0103 sau politic\u0103, nu este legat\u0103 de sistemul de educa\u021bie sau cel de s\u0103n\u0103tate,\u00a0\u015fi nici de mediul \u00eenconjur\u0103tor sau de\u00a0conflictele etnice. Problema cea mai mare a na\u021biunii noastre este starea spiritual\u0103 \u0219i moralitatea familiilor noastre.<\/p>\n<p>Departamentul \u201eFamilii cu Impact\u201d \u00ee\u0219i propune ca, \u00een parteneriat cu bisericile \u0219i alte organiza\u021bii cre\u0219tine, s\u0103 ajute c\u00e2t mai multe familii din \u021bara noastr\u0103,\u00a0 s\u0103 descopere \u0219i s\u0103 tr\u0103iasc\u0103 principiile lui Dumnezeu pentru o via\u021b\u0103 de familie cu adev\u0103rat semnificativ\u0103, care s\u0103-L onoreze pe El. Exist\u0103 un plan pentru c\u0103s\u0103torie care func\u021bioneaz\u0103 \u00eentotdeauna, \u0219i acesta este planul lui Dumnezeu!<\/p>\n<h1><b>Obiectivele noastre:<\/b><\/h1>\n<p>&nbsp;<\/p>\n<ol>\n<li><strong>Zidirea cuplurilor c\u0103s\u0103torite<\/strong>, prin organizarea unorseminarii practice, formarea grupurilor de cas\u0103, \u201e\u00cempreun\u0103\u201d, \u00een care, \u00eentr-un cadru prietenos \u0219i pl\u0103cut, cuplurile \u00eenva\u021b\u0103 principii ce pot fi aplicate \u00een rela\u021bia so\u021b-so\u021bie. Dintre evenimentele cu impact foarte puternic, amintim conferin\u021bele \u201eArta C\u0103sniciei\u201d.<\/li>\n<li><strong>Preg\u0103tirea p\u0103rin\u021bilor<\/strong>. Seminariile dedicate cre\u0219terii copiilor, precum \u0219i grupurile mici, ne ajut\u0103 s\u0103 \u00eenv\u0103\u021b\u0103m \u00eempreun\u0103 cum putem deveni p\u0103rin\u021bi mai buni.<\/li>\n<li><strong>Dezvoltarea unorgrupuri de rug\u0103ciune printre familii,<\/strong>\u00a0\u00een fiecare comunitate din Rom\u00e2nia. Ne dorim s\u0103 vedem mii de grupuri de cupluri care se roag\u0103 consecvent pentru familiile lor \u0219i pentru familiile din comunit\u0103\u021bile \u00een care tr\u0103iesc. \u00cen acest scop am creat o pagin\u0103 pe facebook:\u00a0<a href=\"https:\/\/www.facebook.com\/groups\/Prayforfamily\/\" data-saferedirecturl=\"https:\/\/www.google.com\/url?hl=en&amp;q=https:\/\/www.facebook.com\/groups\/Prayforfamily\/&amp;source=gmail&amp;ust=1478722901387000&amp;usg=AFQjCNEz5u7tLmm0dV1SBJSz4St36m0nkw\">https:\/\/www.facebook.com\/groups\/Prayforfamily\/<\/a><\/li>\n<li><strong>Mentorarea cuplurilor c\u0103s\u0103torite.\u00a0<\/strong>Toate familiile trec prin diferite anotimpuri ale c\u0103sniciei \u0219i toate au nevoie s\u0103 vorbeasc\u0103 despre nevoile lor, c\u0103ut\u00e2nd solu\u021bii la problemele \u0219i circumstan\u021bele prin care trec. \u00cen cadrul \u00eent\u00e2lnirilor de mentorare cu trainerii din cadrul departamentului\u00a0 \u201cFamilii cu Impact\u201d, se pot pune \u00eentreb\u0103ri \u0219i se discut\u0103 despre subiectele cele mai importante, at\u00e2t despre rela\u021bia so\u021b-so\u021bie, c\u00e2t \u0219i despre cre\u0219terea copiilor.<\/li>\n<\/ol>\n<p>&nbsp;<\/p>\n<p>Dac\u0103 dori\u0163i s\u0103 pariticipa\u0163i la activit\u0103\u0163ile noastre sau dac\u0103 dori\u0163i s\u0103 v\u0103 al\u0103tura\u0163i ca voluntar, v\u0103 rug\u0103m <a href=\"https:\/\/www.alege-viata.ro\/pagini\/implica-te\">completa\u0163i formularul urm\u0103tor.<\/a><\/p>\n<p>Dac\u0103 dori\u0163i s\u0103 sus\u0163ine\u0163i financiar, aceast\u0103 lucrare, <a href=\"https:\/\/www.alege-viata.ro\/pagini\/sustine-o-lucrare\">click aici.<\/a><\/p>\n","protected":false},"excerpt":{"rendered":"<p>Problema central\u0103 a na\u021biunii noastre nu este una economic\u0103 sau politic\u0103, nu este legat\u0103 de sistemul de educa\u021bie sau cel de s\u0103n\u0103tate,\u00a0\u015fi nici de mediul \u00eenconjur\u0103tor sau de\u00a0conflictele etnice. Problema cea mai mare a na\u021biunii noastre este starea spiritual\u0103 \u0219i moralitatea familiilor noastre. Departamentul \u201eFamilii cu Impact\u201d \u00ee\u0219i propune ca, \u00een parteneriat cu bisericile \u0219i alte organiza\u021bii cre\u0219tine, s\u0103 ajute c\u00e2t mai multe familii din \u021bara noastr\u0103,\u00a0 s\u0103 descopere \u0219i&hellip;<\/p>\n","protected":false},"author":1,"featured_media":0,"parent":0,"menu_order":0,"comment_status":"closed","ping_status":"closed","template":"","meta":{"footnotes":""},"class_list":["post-24","page","type-page","status-publish","hentry"],"_links":{"self":[{"href":"https:\/\/www.alege-viata.ro\/pagini\/wp-json\/wp\/v2\/pages\/24","targetHints":{"allow":["GET"]}}],"collection":[{"href":"https:\/\/www.alege-viata.ro\/pagini\/wp-json\/wp\/v2\/pages"}],"about":[{"href":"https:\/\/www.alege-viata.ro\/pagini\/wp-json\/wp\/v2\/types\/page"}],"author":[{"embeddable":true,"href":"https:\/\/www.alege-viata.ro\/pagini\/wp-json\/wp\/v2\/users\/1"}],"replies":[{"embeddable":true,"href":"https:\/\/www.alege-viata.ro\/pagini\/wp-json\/wp\/v2\/comments?post=24"}],"version-history":[{"count":2,"href":"https:\/\/www.alege-viata.ro\/pagini\/wp-json\/wp\/v2\/pages\/24\/revisions"}],"predecessor-version":[{"id":524,"href":"https:\/\/www.alege-viata.ro\/pagini\/wp-json\/wp\/v2\/pages\/24\/revisions\/524"}],"wp:attachment":[{"href":"https:\/\/www.alege-viata.ro\/pagini\/wp-json\/wp\/v2\/media?parent=24"}],"curies":[{"name":"wp","href":"https:\/\/api.w.org\/{rel}","templated":true}]}}