{"id":210,"date":"2013-08-30T18:21:35","date_gmt":"2013-08-30T18:21:35","guid":{"rendered":"http:\/\/www.eurogano.ro\/?page_id=210"},"modified":"2025-06-09T06:21:48","modified_gmt":"2025-06-09T06:21:48","slug":"sustine-o-lucrare","status":"publish","type":"page","link":"https:\/\/www.alege-viata.ro\/pagini\/sustine-o-lucrare","title":{"rendered":"Sus\u0163ine o lucrare"},"content":{"rendered":"<h3>Dac\u0103 dori\u0163i s\u0103 sus\u0163ine\u0163i financiar o lucrare, o pute\u0163i face online, printr-un mandat po\u015ftal sau printr-un transfer bancar \u00een unul din urm\u0103toarele conturi de mai jos.<\/h3>\n<h3>Pentru a sus\u021bine prin dona\u021bii online un proiect specific, mai jos g\u0103si\u021bi c\u00e2teva propuneri:<\/h3>\n<h3><a href=\"https:\/\/www.alege-viata.ro\/pagini\/sustine?pentru=Cross%20Life\" target=\"_blank\" rel=\"noopener\">Lucrarea Cross Life<br \/>\n<\/a><a href=\"https:\/\/www.alege-viata.ro\/pagini\/sustine?pentru=Lucrarea%20cu%20studentii\" target=\"_blank\" rel=\"noopener\">Lucrarea cu studentii<br \/>\n<\/a><a href=\"https:\/\/www.alege-viata.ro\/pagini\/sustine?pentru=Family%20Life%20Romania\" target=\"_blank\" rel=\"noopener\">Family Life Romania<\/a><a href=\"https:\/\/www.alege-viata.ro\/pagini\/sustine?pentru=Cross%20Life\" target=\"_blank\" rel=\"noopener\"><br \/>\n<\/a><a href=\"https:\/\/www.alege-viata.ro\/pagini\/catalitic-vest-ldm-oradea\">Catalitic Vest &#8211; LDM Oradea<\/a><\/h3>\n<h3>Pentru dona\u021bii prin transfer bancar sau mandat po\u0219tal:<\/h3>\n<h3><strong>Asocia\u0163ia ALEGE VIA\u0162A<\/strong><br \/>\nAdresa: Str. Aleea Lacul Morii, nr.3, Sector 6. Bucuresti<br \/>\nTelefon 031-405.76.04<br \/>\nCUI: 4888424<br \/>\nCont: ING, Sucursala Opera, Bucuresti<br \/>\nRO22 INGB 0001 0081 7070 8910<\/h3>\n<h3>SAU<\/h3>\n<h3><strong>Asocia\u0163ia Alege Via\u0163a CUI 4888424<\/strong><br \/>\nBCR Sucursala Plevnei, Calea Plevenei, 90-92, Sector 1, Bucure\u015fti<br \/>\nContul Bancar: RO 72 RNCB 0071 0114 2708 0001<\/h3>\n<h3>V\u0103 rug\u0103m specifica\u0163i pentru ce lucrare face\u0163i dona\u0163ia [Lucrarea printre studen\u0163i, Familii cu impact, Lucrarea din mediul profesional, Biserici cu impact sau Lucrarea pe internet (strategii digitale)]<\/h3>\n<h3><\/h3>\n","protected":false},"excerpt":{"rendered":"<p>Dac\u0103 dori\u0163i s\u0103 sus\u0163ine\u0163i financiar o lucrare, o pute\u0163i face online, printr-un mandat po\u015ftal sau printr-un transfer bancar \u00een unul din urm\u0103toarele conturi de mai jos. Pentru a sus\u021bine prin dona\u021bii online un proiect specific, mai jos g\u0103si\u021bi c\u00e2teva propuneri: Lucrarea Cross Life Lucrarea cu studentii Family Life Romania Catalitic Vest &#8211; LDM Oradea Pentru dona\u021bii prin transfer bancar sau mandat po\u0219tal: Asocia\u0163ia ALEGE VIA\u0162A Adresa: Str. Aleea Lacul Morii,&hellip;<\/p>\n","protected":false},"author":1,"featured_media":0,"parent":0,"menu_order":0,"comment_status":"closed","ping_status":"closed","template":"","meta":{"footnotes":""},"class_list":["post-210","page","type-page","status-publish","hentry"],"_links":{"self":[{"href":"https:\/\/www.alege-viata.ro\/pagini\/wp-json\/wp\/v2\/pages\/210","targetHints":{"allow":["GET"]}}],"collection":[{"href":"https:\/\/www.alege-viata.ro\/pagini\/wp-json\/wp\/v2\/pages"}],"about":[{"href":"https:\/\/www.alege-viata.ro\/pagini\/wp-json\/wp\/v2\/types\/page"}],"author":[{"embeddable":true,"href":"https:\/\/www.alege-viata.ro\/pagini\/wp-json\/wp\/v2\/users\/1"}],"replies":[{"embeddable":true,"href":"https:\/\/www.alege-viata.ro\/pagini\/wp-json\/wp\/v2\/comments?post=210"}],"version-history":[{"count":17,"href":"https:\/\/www.alege-viata.ro\/pagini\/wp-json\/wp\/v2\/pages\/210\/revisions"}],"predecessor-version":[{"id":1011,"href":"https:\/\/www.alege-viata.ro\/pagini\/wp-json\/wp\/v2\/pages\/210\/revisions\/1011"}],"wp:attachment":[{"href":"https:\/\/www.alege-viata.ro\/pagini\/wp-json\/wp\/v2\/media?parent=210"}],"curies":[{"name":"wp","href":"https:\/\/api.w.org\/{rel}","templated":true}]}}