{"id":20,"date":"2013-07-24T19:50:27","date_gmt":"2013-07-24T19:50:27","guid":{"rendered":"http:\/\/www.eurogano.ro\/?page_id=20"},"modified":"2013-10-31T01:41:21","modified_gmt":"2013-10-31T01:41:21","slug":"viziunea-noastra","status":"publish","type":"page","link":"https:\/\/www.alege-viata.ro\/pagini\/despre-noi\/viziunea-noastra","title":{"rendered":"Viziunea noastr\u0103"},"content":{"rendered":"<p><a href=\"https:\/\/www.alege-viata.ro\/pagini\/wp-content\/uploads\/2013\/07\/page_thumb02.jpg\"><img loading=\"lazy\" decoding=\"async\" class=\"alignnone size-full wp-image-160\" alt=\"page_thumb02\" src=\"https:\/\/www.alege-viata.ro\/pagini\/wp-content\/uploads\/2013\/07\/page_thumb02.jpg\" width=\"960\" height=\"250\" srcset=\"https:\/\/www.alege-viata.ro\/pagini\/wp-content\/uploads\/2013\/07\/page_thumb02.jpg 960w, https:\/\/www.alege-viata.ro\/pagini\/wp-content\/uploads\/2013\/07\/page_thumb02-300x78.jpg 300w\" sizes=\"auto, (max-width: 960px) 100vw, 960px\" \/><\/a><\/p>\n<p><strong>Alege Via\u0163a<\/strong> este o lucrare cre\u015ftin\u0103 dedicat\u0103 proclam\u0103rii mesajului Evangheliei astfel \u00eenc\u00e2t oamenii s\u0103 aud\u0103, s\u0103 \u00een\u0163eleag\u0103 \u015fi s\u0103 fie schimba\u0163i de mesajul \u015fi Persoana Domnului Isus Hristos.<\/p>\n<p>Viziunea noastr\u0103 este ca \u00eentr-o zi fiecare rom\u00e2n va cunoa\u015fte un adev\u0103rat ucenic al Lui Hristos.<\/p>\n<h3>Strategia este simpl\u0103:<\/h3>\n<p>Ca s\u0103 vedem mi\u015fc\u0103ri spirituale, a\u015fa cum vedem \u00een Scriptur\u0103, trebuie s\u0103 facem ceea ce a f\u0103cut \u015fi Isus: s\u0103 prezent\u0103m oamenilor mesajul S\u0103u, s\u0103 \u00eei ajut\u0103m s\u0103 \u00een\u0163eleag\u0103 cum \u00cel pot urma pe Hristos, s\u0103 \u00eei provoc\u0103m s\u0103 \u00eemp\u0103rt\u0103\u015feasc\u0103 mai departe, altora, mesajul S\u0103u.<\/p>\n<p>\u00cen acest fel, Alege Via\u0163a dore\u015fte s\u0103 fie un ajutor pentru ca oamenii s\u0103 \u00ee\u015fi tr\u0103iasc\u0103 via\u0163a dup\u0103 modelul \u015fi cuvintele Domnului Isus \u015fi s\u0103-L proclame \u00een univerist\u0103\u0163ile, liceele, famillile, comunit\u0103\u0163ile si locurile lor de munc\u0103.<\/p>\n<p class=\"notice success\">Alege Via\u0163a este parte a organiza\u0163iei cre\u015ftine<strong> Campus Crusade for Christ<\/strong>, prezent\u0103 \u00een 191 de \u0163\u0103ri din \u00eentreaga lume.<\/p>\n","protected":false},"excerpt":{"rendered":"<p>Alege Via\u0163a este o lucrare cre\u015ftin\u0103 dedicat\u0103 proclam\u0103rii mesajului Evangheliei astfel \u00eenc\u00e2t oamenii s\u0103 aud\u0103, s\u0103 \u00een\u0163eleag\u0103 \u015fi s\u0103 fie schimba\u0163i de mesajul \u015fi Persoana Domnului Isus Hristos. Viziunea noastr\u0103 este ca \u00eentr-o zi fiecare rom\u00e2n va cunoa\u015fte un adev\u0103rat ucenic al Lui Hristos. Strategia este simpl\u0103: Ca s\u0103 vedem mi\u015fc\u0103ri spirituale, a\u015fa cum vedem \u00een Scriptur\u0103, trebuie s\u0103 facem ceea ce a f\u0103cut \u015fi Isus: s\u0103 prezent\u0103m oamenilor mesajul&hellip;<\/p>\n","protected":false},"author":1,"featured_media":0,"parent":12,"menu_order":0,"comment_status":"closed","ping_status":"closed","template":"","meta":{"footnotes":""},"class_list":["post-20","page","type-page","status-publish","hentry"],"_links":{"self":[{"href":"https:\/\/www.alege-viata.ro\/pagini\/wp-json\/wp\/v2\/pages\/20","targetHints":{"allow":["GET"]}}],"collection":[{"href":"https:\/\/www.alege-viata.ro\/pagini\/wp-json\/wp\/v2\/pages"}],"about":[{"href":"https:\/\/www.alege-viata.ro\/pagini\/wp-json\/wp\/v2\/types\/page"}],"author":[{"embeddable":true,"href":"https:\/\/www.alege-viata.ro\/pagini\/wp-json\/wp\/v2\/users\/1"}],"replies":[{"embeddable":true,"href":"https:\/\/www.alege-viata.ro\/pagini\/wp-json\/wp\/v2\/comments?post=20"}],"version-history":[{"count":1,"href":"https:\/\/www.alege-viata.ro\/pagini\/wp-json\/wp\/v2\/pages\/20\/revisions"}],"predecessor-version":[{"id":447,"href":"https:\/\/www.alege-viata.ro\/pagini\/wp-json\/wp\/v2\/pages\/20\/revisions\/447"}],"up":[{"embeddable":true,"href":"https:\/\/www.alege-viata.ro\/pagini\/wp-json\/wp\/v2\/pages\/12"}],"wp:attachment":[{"href":"https:\/\/www.alege-viata.ro\/pagini\/wp-json\/wp\/v2\/media?parent=20"}],"curies":[{"name":"wp","href":"https:\/\/api.w.org\/{rel}","templated":true}]}}