{"id":188,"date":"2013-08-30T17:11:20","date_gmt":"2013-08-30T17:11:20","guid":{"rendered":"http:\/\/www.eurogano.ro\/?page_id=188"},"modified":"2017-09-14T19:42:31","modified_gmt":"2017-09-14T19:42:31","slug":"implica-te","status":"publish","type":"page","link":"https:\/\/www.alege-viata.ro\/pagini\/implica-te","title":{"rendered":"Implic\u0103-te"},"content":{"rendered":"<p><a href=\"https:\/\/www.alege-viata.ro\/pagini\/wp-content\/uploads\/2017\/09\/1.jpg\"><img loading=\"lazy\" decoding=\"async\" src=\"https:\/\/www.alege-viata.ro\/pagini\/wp-content\/uploads\/2017\/09\/1.jpg\" alt=\"\" width=\"852\" height=\"480\" class=\"aligncenter size-full wp-image-593\" srcset=\"https:\/\/www.alege-viata.ro\/pagini\/wp-content\/uploads\/2017\/09\/1.jpg 852w, https:\/\/www.alege-viata.ro\/pagini\/wp-content\/uploads\/2017\/09\/1-300x169.jpg 300w, https:\/\/www.alege-viata.ro\/pagini\/wp-content\/uploads\/2017\/09\/1-768x433.jpg 768w, https:\/\/www.alege-viata.ro\/pagini\/wp-content\/uploads\/2017\/09\/1-500x281.jpg 500w\" sizes=\"auto, (max-width: 852px) 100vw, 852px\" \/><\/a><\/p>\n<p>\u00cen Alege Via\u021ba avem programe speciale de intership sau de voluntariat prin care oferim ocazia studen\u021bilor \u0219i absolven\u021bilor s\u0103 vad\u0103 cum  Dumnezeu \u00eei poate folosi \u00een c\u00e2mpul de misiune.<\/p>\n<p>Aceste experien\u021be \u00eei ajut\u0103 pe tineri  s\u0103 intre \u00een domeniul misiunii \u00eempreun\u0103 cu echipele noastre aduc\u00e2ndu-\u0219i astfel contribu\u021bia la zidirea spirituala a celor din zona local\u0103 \u0219i pe plan interna\u021bional. Tr\u0103ind aceste oportunit\u0103\u021bi provocatoare po\u021bi fi ini\u021biat \u00eentr-o via\u021b\u0103 de slujire, indiferent dac\u0103 vei continua ca \u0219i membru al unei echipe locale sau \u00ee\u021bi vei folosi voca\u021bia \u00een misiune. <\/p>\n<p>Voluntariatul implic\u0103 investirea unui num\u0103r de ore pe s\u0103pt\u0103m\u00e2n\u0103 \u00een lucrarea de misiune cu ajutorul unei echipe locale. La finalul acestei prezent\u0103ri g\u0103se\u0219ti un formular prin intermediul c\u0103ruia ne po\u021bi contacta dac\u0103 dore\u0219ti fi voluntar al\u0103turi de noi.<\/p>\n<p><b>Programe de internship<\/b><\/p>\n<p>Nu e\u0219ti sigur c\u0103 misiunea full-time este pentru tine? De ce s\u0103 nu \u00eencerci asta pentru un an?<\/p>\n<p>\u00cen Alege Via\u021ba avem programe prin care te po\u021bi implica al\u0103turi de noi pentru un an, aceste programe fiind create special pentru cei care doresc s\u0103 lucreze full time ca \u0219i misionari, dar \u00eenc\u0103 nu sunt siguri dac\u0103 acest lucru este potrivit pentru ei. Astfel, pentru o perioad\u0103 de timp, ei pot gusta aceste oportunit\u0103\u021bi prin care \u00ee\u0219i po\u021bi folosi diversele talente \u0219i abilit\u0103\u021bi  \u00een slujba lui Cristos pentru \u00eentrega lume.<\/p>\n<p>Acest program de un an ofer\u0103 celor care au absolvit recent, oportunitatea de a fi repartiza\u021bi \u00een una din echipele locale. Astfel, vei contribui la avansarea misiunii \u0219i vei face parte dintre acei care ajut\u0103 Cuv\u00e2ntul lui Dumnezeu s\u0103 fie r\u0103sp\u00e2ndit. Dup\u0103 un an vei putea s\u0103 te hot\u0103r\u0103\u0219ti dac\u0103 dore\u0219ti s\u0103 lucrezi pe c\u00e2mpul de misiune pe termen lung sau nu.<\/p>\n<p>Av\u00e2nd \u0219ansa de a-\u021bi folosi voca\u021bia \u0219i darurile spirituale vei fi stimulat at\u00e2t pe plan profesional c\u00e2t \u0219i spiritual. De fiecare intern se va ocupa un  &#8222;antrenor&#8221; care \u00eel va ajuta \u00een procesul de formare \u0219i de asumare a responsabilit\u0103\u021bilor. Una dintre valorile de baz\u0103 ale internshipului este cre\u0219terea personal\u0103.<\/p>\n<p>Student, elev sau angajat, dac\u0103 \u015fi tu dore\u015fti ca al\u0163ii s\u0103 aud\u0103, s\u0103 primesc\u0103 \u015fi s\u0103 fie schimba\u0163i de Persoana\u00a0 \u015fi mesajul Domnului Isus, te rug\u0103m s\u0103 completezi formularul de mai jos. \u00cen cel mai scurt timp te vom contacta pentru a te informa despre oportunit\u0103\u0163ile de implicare \u00een ora\u015ful sau comunitatea din care faci parte \u0219i care sunt pa\u0219ii specifici care trebuie f\u0103cu\u021bi pentru a \u00eencepe acest program.<br \/>\nExist\u0103 o serie de recomand\u0103ri care trebuie completate de c\u0103tre liderii bisericii tale, prieteni sau persoane care te cunosc, te vom programa la un interviu \u0219i, dac\u0103 e\u0219ti acceptat, vei participa la un training unde vei \u00eenv\u0103\u021ba cum s\u0103 str\u00e2ngi fonduri pentru misiune \u0219i s\u0103 provoci comunitatea ta la rug\u0103ciune pentru lucrarea pe care o vei face.<\/p>\n\n<div class=\"wpcf7 no-js\" id=\"wpcf7-f190-o1\" lang=\"en-US\" dir=\"ltr\" data-wpcf7-id=\"190\">\n<div class=\"screen-reader-response\"><p role=\"status\" aria-live=\"polite\" aria-atomic=\"true\"><\/p> <ul><\/ul><\/div>\n<form action=\"\/pagini\/wp-json\/wp\/v2\/pages\/188#wpcf7-f190-o1\" method=\"post\" class=\"wpcf7-form init\" aria-label=\"Contact form\" novalidate=\"novalidate\" data-status=\"init\">\n<fieldset class=\"hidden-fields-container\"><input type=\"hidden\" name=\"_wpcf7\" value=\"190\" \/><input type=\"hidden\" name=\"_wpcf7_version\" value=\"6.1.2\" \/><input type=\"hidden\" name=\"_wpcf7_locale\" value=\"en_US\" \/><input type=\"hidden\" name=\"_wpcf7_unit_tag\" value=\"wpcf7-f190-o1\" \/><input type=\"hidden\" name=\"_wpcf7_container_post\" value=\"0\" \/><input type=\"hidden\" name=\"_wpcf7_posted_data_hash\" value=\"\" \/><input type=\"hidden\" name=\"_wpcf7_recaptcha_response\" value=\"\" \/>\n<\/fieldset>\n<p>Nume \u0219i Prenume (obligatoriu)\n<\/p>\n<p><span class=\"wpcf7-form-control-wrap\" data-name=\"your-name\"><input size=\"40\" maxlength=\"400\" class=\"wpcf7-form-control wpcf7-text wpcf7-validates-as-required\" aria-required=\"true\" aria-invalid=\"false\" value=\"\" type=\"text\" name=\"your-name\" \/><\/span>\n<\/p>\n<p>Adresa de email (obligatoriu)\n<\/p>\n<p><span class=\"wpcf7-form-control-wrap\" data-name=\"your-email\"><input size=\"40\" maxlength=\"400\" class=\"wpcf7-form-control wpcf7-email wpcf7-validates-as-required wpcf7-text wpcf7-validates-as-email\" aria-required=\"true\" aria-invalid=\"false\" value=\"\" type=\"email\" name=\"your-email\" \/><\/span>\n<\/p>\n<p>Telefon\n<\/p>\n<p><span class=\"wpcf7-form-control-wrap\" data-name=\"telefon\"><input size=\"40\" maxlength=\"400\" class=\"wpcf7-form-control wpcf7-text\" aria-invalid=\"false\" value=\"\" type=\"text\" name=\"telefon\" \/><\/span>\n<\/p>\n<p>Ora\u0219\n<\/p>\n<p><span class=\"wpcf7-form-control-wrap\" data-name=\"oras\"><input size=\"40\" maxlength=\"400\" class=\"wpcf7-form-control wpcf7-text\" aria-invalid=\"false\" value=\"\" type=\"text\" name=\"oras\" \/><\/span>\n<\/p>\n<p>Ocupatie\n<\/p>\n<p><span class=\"wpcf7-form-control-wrap\" data-name=\"ocupatie\"><input size=\"40\" maxlength=\"400\" class=\"wpcf7-form-control wpcf7-text\" aria-invalid=\"false\" value=\"\" type=\"text\" name=\"ocupatie\" \/><\/span>\n<\/p>\n<p>Biserica din care faci parte\n<\/p>\n<p><span class=\"wpcf7-form-control-wrap\" data-name=\"biserica\"><input size=\"40\" maxlength=\"400\" class=\"wpcf7-form-control wpcf7-text\" aria-invalid=\"false\" value=\"\" type=\"text\" name=\"biserica\" \/><\/span>\n<\/p>\n<p>Sunt interesat de lucrarea cu ( bifeaza una sau mai multe optiuni):\n<\/p>\n<p><span class=\"wpcf7-form-control-wrap\" data-name=\"checkbox\"><span class=\"wpcf7-form-control wpcf7-checkbox\"><span class=\"wpcf7-list-item first\"><label><input type=\"checkbox\" name=\"checkbox[]\" value=\"Studenti si elevi\" \/><span class=\"wpcf7-list-item-label\">Studenti si elevi<\/span><\/label><\/span><span class=\"wpcf7-list-item\"><label><input type=\"checkbox\" name=\"checkbox[]\" value=\"Oameni din mediul profesional\" \/><span class=\"wpcf7-list-item-label\">Oameni din mediul profesional<\/span><\/label><\/span><span class=\"wpcf7-list-item\"><label><input type=\"checkbox\" name=\"checkbox[]\" value=\"Familii\" \/><span class=\"wpcf7-list-item-label\">Familii<\/span><\/label><\/span><span class=\"wpcf7-list-item last\"><label><input type=\"checkbox\" name=\"checkbox[]\" value=\"Biserici\" \/><span class=\"wpcf7-list-item-label\">Biserici<\/span><\/label><\/span><\/span><\/span>\n<\/p>\n<p><span class=\"wpcf7-form-control-wrap\" data-name=\"text-653\"><input size=\"40\" maxlength=\"400\" class=\"wpcf7-form-control wpcf7-text\" aria-invalid=\"false\" value=\"\" type=\"text\" name=\"text-653\" \/><\/span>\n<\/p>\n<p>Prin bifarea c\u0103su\u021bei v\u0103 da\u021bi acordul pentru procesarea datelor personale. Pute\u021bi citi acordul de confiden\u021bialitate aici: <a href=\"https:\/\/www.alege-viata.ro\/pagini\/acord-de-confidentialitate\">Acordul de procesare a datelor<\/a><span class=\"wpcf7-form-control-wrap\" data-name=\"acceptance-831\"><span class=\"wpcf7-form-control wpcf7-acceptance\"><span class=\"wpcf7-list-item\"><input type=\"checkbox\" name=\"acceptance-831\" value=\"1\" aria-invalid=\"false\" \/><\/span><\/span><\/span>\n<\/p>\n<p><input class=\"wpcf7-form-control wpcf7-submit has-spinner\" type=\"submit\" value=\"Trimite\" \/>\n<\/p><p style=\"display: none !important;\" class=\"akismet-fields-container\" data-prefix=\"_wpcf7_ak_\"><label>&#916;<textarea name=\"_wpcf7_ak_hp_textarea\" cols=\"45\" rows=\"8\" maxlength=\"100\"><\/textarea><\/label><input type=\"hidden\" id=\"ak_js_1\" name=\"_wpcf7_ak_js\" value=\"115\"\/><script>document.getElementById( \"ak_js_1\" ).setAttribute( \"value\", ( new Date() ).getTime() );<\/script><\/p><div class=\"wpcf7-response-output\" aria-hidden=\"true\"><\/div>\n<\/form>\n<\/div>\n\n","protected":false},"excerpt":{"rendered":"<p>\u00cen Alege Via\u021ba avem programe speciale de intership sau de voluntariat prin care oferim ocazia studen\u021bilor \u0219i absolven\u021bilor s\u0103 vad\u0103 cum Dumnezeu \u00eei poate folosi \u00een c\u00e2mpul de misiune. Aceste experien\u021be \u00eei ajut\u0103 pe tineri s\u0103 intre \u00een domeniul misiunii \u00eempreun\u0103 cu echipele noastre aduc\u00e2ndu-\u0219i astfel contribu\u021bia la zidirea spirituala a celor din zona local\u0103 \u0219i pe plan interna\u021bional. Tr\u0103ind aceste oportunit\u0103\u021bi provocatoare po\u021bi fi ini\u021biat \u00eentr-o via\u021b\u0103 de slujire,&hellip;<\/p>\n","protected":false},"author":1,"featured_media":0,"parent":0,"menu_order":0,"comment_status":"closed","ping_status":"closed","template":"","meta":{"footnotes":""},"class_list":["post-188","page","type-page","status-publish","hentry"],"_links":{"self":[{"href":"https:\/\/www.alege-viata.ro\/pagini\/wp-json\/wp\/v2\/pages\/188","targetHints":{"allow":["GET"]}}],"collection":[{"href":"https:\/\/www.alege-viata.ro\/pagini\/wp-json\/wp\/v2\/pages"}],"about":[{"href":"https:\/\/www.alege-viata.ro\/pagini\/wp-json\/wp\/v2\/types\/page"}],"author":[{"embeddable":true,"href":"https:\/\/www.alege-viata.ro\/pagini\/wp-json\/wp\/v2\/users\/1"}],"replies":[{"embeddable":true,"href":"https:\/\/www.alege-viata.ro\/pagini\/wp-json\/wp\/v2\/comments?post=188"}],"version-history":[{"count":4,"href":"https:\/\/www.alege-viata.ro\/pagini\/wp-json\/wp\/v2\/pages\/188\/revisions"}],"predecessor-version":[{"id":596,"href":"https:\/\/www.alege-viata.ro\/pagini\/wp-json\/wp\/v2\/pages\/188\/revisions\/596"}],"wp:attachment":[{"href":"https:\/\/www.alege-viata.ro\/pagini\/wp-json\/wp\/v2\/media?parent=188"}],"curies":[{"name":"wp","href":"https:\/\/api.w.org\/{rel}","templated":true}]}}