{"id":16,"date":"2013-07-24T19:49:52","date_gmt":"2013-07-24T19:49:52","guid":{"rendered":"http:\/\/www.eurogano.ro\/?page_id=16"},"modified":"2013-10-31T01:56:22","modified_gmt":"2013-10-31T01:56:22","slug":"ce-facem","status":"publish","type":"page","link":"https:\/\/www.alege-viata.ro\/pagini\/despre-noi\/ce-facem","title":{"rendered":"Ce facem"},"content":{"rendered":"<p><img loading=\"lazy\" decoding=\"async\" class=\"alignnone size-full wp-image-164\" alt=\"wheat\" src=\"https:\/\/www.alege-viata.ro\/pagini\/wp-content\/uploads\/2013\/07\/wheat.jpg\" width=\"960\" height=\"462\" srcset=\"https:\/\/www.alege-viata.ro\/pagini\/wp-content\/uploads\/2013\/07\/wheat.jpg 960w, https:\/\/www.alege-viata.ro\/pagini\/wp-content\/uploads\/2013\/07\/wheat-300x144.jpg 300w\" sizes=\"auto, (max-width: 960px) 100vw, 960px\" \/><\/p>\n<p>\u00cen Rom\u00e2nia, Alege Via\u0163a are lucr\u0103ri printre:<\/p>\n<h3>Studen\u0163i \u015fi elevi (link)<\/h3>\n<h3>Familii (link)<\/h3>\n<p>Lucrarea printre familii \u00ee\u0219i propune ca, \u00een parteneriat cu bisericile \u0219i alte organiza\u021bii cre\u0219tine, s\u0103 ajute c\u00e2t mai multe familii din \u021bara noastr\u0103, s\u0103 descopere \u0219i s\u0103 tr\u0103iasc\u0103 principiile lui Dumnezeu pentru o via\u021b\u0103 de familie cu adev\u0103rat semnificativ\u0103, care s\u0103-L onoreze pe El! Exist\u0103 un plan pentru c\u0103s\u0103torie care func\u021bioneaz\u0103 \u00eentotdeauna, \u0219i acesta este planul lui Dumnezeu!<\/p>\n<h3>Biserici (link)<\/h3>\n<p>\u00cen cadrul organiza\u0163iei Alege Via\u0163a se organizeaz\u0103 cursuri de preg\u0103tire pentru lucrare (cursuri PEUM- Preg\u0103tire pentru Evanghelizare, Ucenicie, \u015fi Mi\u015fc\u0103ri Spirituale), cursuri la care poate participa orice cre\u015ftin care dore\u015fte s\u0103 se implice \u00een evanghelizare \u015fi facere de ucenici<\/p>\n<h3>Mediul prefesional \u015fi de afaceri (link)<\/h3>\n<p>Lucrarea printre oamenii din mediul profesional dore\u015fte c\u00e2\u0219tigarea \u0219i echiprea ucenicilor multiplicatori \u00een mediul profesional din Romania care s\u0103-l prezinte relevant pe Hristos a\u0219a \u00eenc\u00e2t s\u0103 vedem cre\u0219tini maturi, plini de Duhul Sf\u00e2nt \u00een pozi\u021bii cheie de influen\u021b\u0103 \u00een societatea rom\u00e2neasc\u0103.<\/p>\n<h3>Militari (link)<\/h3>\n<h3>Sportivi (link)<\/h3>\n","protected":false},"excerpt":{"rendered":"<p>\u00cen Rom\u00e2nia, Alege Via\u0163a are lucr\u0103ri printre: Studen\u0163i \u015fi elevi (link) Familii (link) Lucrarea printre familii \u00ee\u0219i propune ca, \u00een parteneriat cu bisericile \u0219i alte organiza\u021bii cre\u0219tine, s\u0103 ajute c\u00e2t mai multe familii din \u021bara noastr\u0103, s\u0103 descopere \u0219i s\u0103 tr\u0103iasc\u0103 principiile lui Dumnezeu pentru o via\u021b\u0103 de familie cu adev\u0103rat semnificativ\u0103, care s\u0103-L onoreze pe El! Exist\u0103 un plan pentru c\u0103s\u0103torie care func\u021bioneaz\u0103 \u00eentotdeauna, \u0219i acesta este planul lui&hellip;<\/p>\n","protected":false},"author":1,"featured_media":0,"parent":12,"menu_order":0,"comment_status":"closed","ping_status":"closed","template":"","meta":{"footnotes":""},"class_list":["post-16","page","type-page","status-publish","hentry"],"_links":{"self":[{"href":"https:\/\/www.alege-viata.ro\/pagini\/wp-json\/wp\/v2\/pages\/16","targetHints":{"allow":["GET"]}}],"collection":[{"href":"https:\/\/www.alege-viata.ro\/pagini\/wp-json\/wp\/v2\/pages"}],"about":[{"href":"https:\/\/www.alege-viata.ro\/pagini\/wp-json\/wp\/v2\/types\/page"}],"author":[{"embeddable":true,"href":"https:\/\/www.alege-viata.ro\/pagini\/wp-json\/wp\/v2\/users\/1"}],"replies":[{"embeddable":true,"href":"https:\/\/www.alege-viata.ro\/pagini\/wp-json\/wp\/v2\/comments?post=16"}],"version-history":[{"count":1,"href":"https:\/\/www.alege-viata.ro\/pagini\/wp-json\/wp\/v2\/pages\/16\/revisions"}],"predecessor-version":[{"id":453,"href":"https:\/\/www.alege-viata.ro\/pagini\/wp-json\/wp\/v2\/pages\/16\/revisions\/453"}],"up":[{"embeddable":true,"href":"https:\/\/www.alege-viata.ro\/pagini\/wp-json\/wp\/v2\/pages\/12"}],"wp:attachment":[{"href":"https:\/\/www.alege-viata.ro\/pagini\/wp-json\/wp\/v2\/media?parent=16"}],"curies":[{"name":"wp","href":"https:\/\/api.w.org\/{rel}","templated":true}]}}