{"id":10,"date":"2013-07-24T19:48:51","date_gmt":"2013-07-24T19:48:51","guid":{"rendered":"http:\/\/www.eurogano.ro\/?page_id=10"},"modified":"2013-07-24T19:48:51","modified_gmt":"2013-07-24T19:48:51","slug":"contact","status":"publish","type":"page","link":"https:\/\/www.alege-viata.ro\/pagini\/contact","title":{"rendered":"Contact"},"content":{"rendered":"<h2>Contact<\/h2>\n<div class=\"grid-row linearise\">\n<div class=\"grid-item one-half \"><p class=\"notice default\"><strong><\/strong>Asocia\u0163ia \u201cAlege Via\u0163a \u201e<br \/>\nAleea Lacul Morii, Nr.3<br \/>\nSector 6, Bucure\u015fti<br \/>\nTelefon: 031 405 76 04<\/p> <\/div>\n<div class=\"grid-item one-half \">\n<p class=\"notice success\"><strong>Alege Via\u0163a<\/strong> este o lucrare cre\u015ftin\u0103 dedicat\u0103 proclam\u0103rii mesajului Evangheliei astfel \u00eenc\u00e2t oamenii s\u0103 aud\u0103, s\u0103 \u00een\u0163eleag\u0103 \u015fi s\u0103 fie schimba\u0163i de mesajul \u015fi Persoana Domnului Isus Hristos.<\/p>\n<\/div>\n<\/div>\n<p>Dac\u0103 dore\u015fti s\u0103 te implici ca voluntar sau dore\u015fti s\u0103 cuno\u015fti\u00a0 mai multe despre lucrarea noastr\u0103,\u00a0 te rug\u0103m s\u0103 completezi formularul de mai jos. Mul\u0163umim pentru interesul t\u0103u!<\/p>\n\n<div class=\"wpcf7 no-js\" id=\"wpcf7-f7-o1\" lang=\"ro-RO\" dir=\"ltr\" data-wpcf7-id=\"7\">\n<div class=\"screen-reader-response\"><p role=\"status\" aria-live=\"polite\" aria-atomic=\"true\"><\/p> <ul><\/ul><\/div>\n<form action=\"\/pagini\/wp-json\/wp\/v2\/pages\/10#wpcf7-f7-o1\" method=\"post\" class=\"wpcf7-form init\" aria-label=\"Formular de contact\" novalidate=\"novalidate\" data-status=\"init\">\n<fieldset class=\"hidden-fields-container\"><input type=\"hidden\" name=\"_wpcf7\" value=\"7\" \/><input type=\"hidden\" name=\"_wpcf7_version\" value=\"6.1.2\" \/><input type=\"hidden\" name=\"_wpcf7_locale\" value=\"ro_RO\" \/><input type=\"hidden\" name=\"_wpcf7_unit_tag\" value=\"wpcf7-f7-o1\" \/><input type=\"hidden\" name=\"_wpcf7_container_post\" value=\"0\" \/><input type=\"hidden\" name=\"_wpcf7_posted_data_hash\" value=\"\" \/><input type=\"hidden\" name=\"_wpcf7_recaptcha_response\" value=\"\" \/>\n<\/fieldset>\n<p>Numele (obligatoriu)\n<\/p>\n<p><span class=\"wpcf7-form-control-wrap\" data-name=\"your-name\"><input size=\"40\" maxlength=\"400\" class=\"wpcf7-form-control wpcf7-text wpcf7-validates-as-required\" aria-required=\"true\" aria-invalid=\"false\" value=\"\" type=\"text\" name=\"your-name\" \/><\/span>\n<\/p>\n<p>Adresa de email (obligatoriu)\n<\/p>\n<p><span class=\"wpcf7-form-control-wrap\" data-name=\"your-email\"><input size=\"40\" maxlength=\"400\" class=\"wpcf7-form-control wpcf7-email wpcf7-validates-as-required wpcf7-text wpcf7-validates-as-email\" aria-required=\"true\" aria-invalid=\"false\" value=\"\" type=\"email\" name=\"your-email\" \/><\/span>\n<\/p>\n<p>Subiectul\n<\/p>\n<p><span class=\"wpcf7-form-control-wrap\" data-name=\"your-subject\"><input size=\"40\" maxlength=\"400\" class=\"wpcf7-form-control wpcf7-text\" aria-invalid=\"false\" value=\"\" type=\"text\" name=\"your-subject\" \/><\/span>\n<\/p>\n<p>Mesaj\n<\/p>\n<p><span class=\"wpcf7-form-control-wrap\" data-name=\"your-message\"><textarea cols=\"40\" rows=\"10\" maxlength=\"2000\" class=\"wpcf7-form-control wpcf7-textarea\" aria-invalid=\"false\" name=\"your-message\"><\/textarea><\/span>\n<\/p>\n<p><span class=\"wpcf7-form-control-wrap\" data-name=\"acceptance-796\"><span class=\"wpcf7-form-control wpcf7-acceptance\"><span class=\"wpcf7-list-item\"><input type=\"checkbox\" name=\"acceptance-796\" value=\"1\" aria-invalid=\"false\" \/><\/span><\/span><\/span>Prin bifarea c\u0103su\u021bei v\u0103 da\u021bi acordul pentru procesarea datelor personale. Pute\u021bi citi acordul de confiden\u021bialitate aici: <a href=\"https:\/\/www.alege-viata.ro\/pagini\/acord-de-confidentialitate\">Acordul de procesare a datelor<\/a>\n<\/p>\n<p><input class=\"wpcf7-form-control wpcf7-submit has-spinner\" type=\"submit\" value=\"Trimite\" \/>\n<\/p><p style=\"display: none !important;\" class=\"akismet-fields-container\" data-prefix=\"_wpcf7_ak_\"><label>&#916;<textarea name=\"_wpcf7_ak_hp_textarea\" cols=\"45\" rows=\"8\" maxlength=\"100\"><\/textarea><\/label><input type=\"hidden\" id=\"ak_js_1\" name=\"_wpcf7_ak_js\" value=\"233\"\/><script>document.getElementById( \"ak_js_1\" ).setAttribute( \"value\", ( new Date() ).getTime() );<\/script><\/p><div class=\"wpcf7-response-output\" aria-hidden=\"true\"><\/div>\n<\/form>\n<\/div>\n\n","protected":false},"excerpt":{"rendered":"<p>Contact Dac\u0103 dore\u015fti s\u0103 te implici ca voluntar sau dore\u015fti s\u0103 cuno\u015fti\u00a0 mai multe despre lucrarea noastr\u0103,\u00a0 te rug\u0103m s\u0103 completezi formularul de mai jos. Mul\u0163umim pentru interesul t\u0103u!<\/p>\n","protected":false},"author":1,"featured_media":0,"parent":0,"menu_order":0,"comment_status":"closed","ping_status":"closed","template":"","meta":{"footnotes":""},"class_list":["post-10","page","type-page","status-publish","hentry"],"_links":{"self":[{"href":"https:\/\/www.alege-viata.ro\/pagini\/wp-json\/wp\/v2\/pages\/10","targetHints":{"allow":["GET"]}}],"collection":[{"href":"https:\/\/www.alege-viata.ro\/pagini\/wp-json\/wp\/v2\/pages"}],"about":[{"href":"https:\/\/www.alege-viata.ro\/pagini\/wp-json\/wp\/v2\/types\/page"}],"author":[{"embeddable":true,"href":"https:\/\/www.alege-viata.ro\/pagini\/wp-json\/wp\/v2\/users\/1"}],"replies":[{"embeddable":true,"href":"https:\/\/www.alege-viata.ro\/pagini\/wp-json\/wp\/v2\/comments?post=10"}],"version-history":[{"count":0,"href":"https:\/\/www.alege-viata.ro\/pagini\/wp-json\/wp\/v2\/pages\/10\/revisions"}],"wp:attachment":[{"href":"https:\/\/www.alege-viata.ro\/pagini\/wp-json\/wp\/v2\/media?parent=10"}],"curies":[{"name":"wp","href":"https:\/\/api.w.org\/{rel}","templated":true}]}}